{"id":164,"date":"2022-08-06T04:59:11","date_gmt":"2022-08-06T04:59:11","guid":{"rendered":"https:\/\/sekin.vn\/?page_id=164"},"modified":"2025-02-25T14:53:17","modified_gmt":"2025-02-25T07:53:17","slug":"homepage-parts","status":"publish","type":"page","link":"https:\/\/sekin.vn\/en\/homepage-parts\/","title":{"rendered":"Homepage Parts"},"content":{"rendered":"<div class=\"row\">\n<div class=\"col-lg-4 col-md-4 col-sm-12 col-xs-12\">\n<div class=\"part part-one\">\n<h4>Always Safe<\/h4>\n<p>Always ensure safety, which is the operating criterion for each member of Sekin Security.<\/p>\n<\/div>\n<\/div>\n<div class=\"col-lg-4 col-md-4 col-sm-12 col-xs-12\">\n<div class=\"part part-two\">\n<h4>Professional Services<\/h4>\n<p>Professional processes, professional workflows, professional management and training.<\/p>\n<\/div>\n<\/div>\n<div class=\"col-lg-4 col-md-4 col-sm-12 col-xs-12\">\n<div class=\"part part-three\">\n<h4>Skilled &amp; Dedicated HR<\/h4>\n<p>&#8220;Tr\u00e1ch Nhi\u1ec7m &#8211; \u0110o\u00e0n K\u1ebft &#8211; T\u1eadn T\u00e2m&#8221; l\u00e0 ph\u01b0\u01a1ng ch\u00e2m l\u00e0m vi\u1ec7c c\u1ee7a t\u1eebng th\u00e0nh vi\u00ean SEKIN Security.<\/p>\n<\/div>\n<\/div>\n<\/div>","protected":false},"excerpt":{"rendered":"<p>Lu\u00f4n \u0110\u1ea3m B\u1ea3o An To\u00e0n Lu\u00f4n \u0111\u1ea3m b\u1ea3o an to\u00e0n, l\u00e0 ti\u00eau ch\u00ed ho\u1ea1t \u0111\u1ed9ng \u0111\u1ed1i v\u1edbi t\u1eebng v\u1ecb tr\u00ed c\u1ee5 th\u1ec3. D\u1ecbch V\u1ee5 Chuy\u00ean Nghi\u1ec7p Quy tr\u00ecnh chuy\u00ean nghi\u1ec7p, t\u00e1c phong chuy\u00ean nghi\u1ec7p, qu\u1ea3n l\u00fd v\u00e0 \u0111\u00e0o t\u1ea1o chuy\u00ean [&hellip;]<\/p>\n","protected":false},"author":1,"featured_media":0,"parent":0,"menu_order":0,"comment_status":"closed","ping_status":"closed","template":"","meta":{"site-sidebar-layout":"default","site-content-layout":"default","ast-site-content-layout":"default","site-content-style":"default","site-sidebar-style":"default","ast-global-header-display":"","ast-banner-title-visibility":"","ast-main-header-display":"","ast-hfb-above-header-display":"","ast-hfb-below-header-display":"","ast-hfb-mobile-header-display":"","site-post-title":"","ast-breadcrumbs-content":"","ast-featured-img":"","footer-sml-layout":"","ast-disable-related-posts":"","theme-transparent-header-meta":"default","adv-header-id-meta":"","stick-header-meta":"","header-above-stick-meta":"","header-main-stick-meta":"","header-below-stick-meta":"","astra-migrate-meta-layouts":"set","ast-page-background-enabled":"default","ast-page-background-meta":{"desktop":{"background-color":"var(--ast-global-color-4)","background-image":"","background-repeat":"repeat","background-position":"center center","background-size":"auto","background-attachment":"scroll","background-type":"","background-media":"","overlay-type":"","overlay-color":"","overlay-opacity":"","overlay-gradient":""},"tablet":{"background-color":"","background-image":"","background-repeat":"repeat","background-position":"center center","background-size":"auto","background-attachment":"scroll","background-type":"","background-media":"","overlay-type":"","overlay-color":"","overlay-opacity":"","overlay-gradient":""},"mobile":{"background-color":"","background-image":"","background-repeat":"repeat","background-position":"center center","background-size":"auto","background-attachment":"scroll","background-type":"","background-media":"","overlay-type":"","overlay-color":"","overlay-opacity":"","overlay-gradient":""}},"ast-content-background-meta":{"desktop":{"background-color":"var(--ast-global-color-5)","background-image":"","background-repeat":"repeat","background-position":"center center","background-size":"auto","background-attachment":"scroll","background-type":"","background-media":"","overlay-type":"","overlay-color":"","overlay-opacity":"","overlay-gradient":""},"tablet":{"background-color":"var(--ast-global-color-5)","background-image":"","background-repeat":"repeat","background-position":"center center","background-size":"auto","background-attachment":"scroll","background-type":"","background-media":"","overlay-type":"","overlay-color":"","overlay-opacity":"","overlay-gradient":""},"mobile":{"background-color":"var(--ast-global-color-5)","background-image":"","background-repeat":"repeat","background-position":"center center","background-size":"auto","background-attachment":"scroll","background-type":"","background-media":"","overlay-type":"","overlay-color":"","overlay-opacity":"","overlay-gradient":""}},"ngg_post_thumbnail":0,"footnotes":""},"class_list":["post-164","page","type-page","status-publish","hentry"],"yoast_head":"<!-- This site is optimized with the Yoast SEO plugin v27.4 - https:\/\/yoast.com\/product\/yoast-seo-wordpress\/ -->\n<title>Homepage Parts - SEKIN SECURITY<\/title>\n<meta name=\"description\" content=\"Homepage Parts - SEKIN Security t\u1ef1 h\u00e0o l\u00e0 m\u1ed9t trong nh\u1eefng \u0111\u01a1n v\u1ecb cung c\u1ea5p d\u1ecbch v\u1ee5 b\u1ea3o v\u1ec7 chuy\u00ean nghi\u1ec7p h\u00e0ng \u0111\u1ea7u t\u1ea1i Vi\u1ec7t Nam.\" \/>\n<meta name=\"robots\" content=\"index, nofollow, max-snippet:-1, max-image-preview:large, max-video-preview:-1\" \/>\n<link rel=\"canonical\" href=\"https:\/\/sekin.vn\/en\/homepage-parts\/\" \/>\n<meta property=\"og:locale\" content=\"en_US\" \/>\n<meta property=\"og:type\" content=\"article\" \/>\n<meta property=\"og:title\" content=\"Homepage Parts - SEKIN SECURITY\" \/>\n<meta property=\"og:description\" content=\"Homepage Parts - SEKIN Security t\u1ef1 h\u00e0o l\u00e0 m\u1ed9t trong nh\u1eefng \u0111\u01a1n v\u1ecb cung c\u1ea5p d\u1ecbch v\u1ee5 b\u1ea3o v\u1ec7 chuy\u00ean nghi\u1ec7p h\u00e0ng \u0111\u1ea7u t\u1ea1i Vi\u1ec7t Nam.\" \/>\n<meta property=\"og:url\" content=\"https:\/\/sekin.vn\/en\/homepage-parts\/\" \/>\n<meta property=\"og:site_name\" content=\"SEKIN SECURITY\" \/>\n<meta property=\"article:publisher\" content=\"https:\/\/www.facebook.com\/SEKIN.JSC\" \/>\n<meta property=\"article:modified_time\" content=\"2025-02-25T07:53:17+00:00\" \/>\n<meta property=\"og:image\" content=\"https:\/\/sekin.vn\/wp-content\/uploads\/2022\/08\/cropped-Sekin-Logo-shield.png\" \/>\n\t<meta property=\"og:image:width\" content=\"512\" \/>\n\t<meta property=\"og:image:height\" content=\"512\" \/>\n\t<meta property=\"og:image:type\" content=\"image\/png\" \/>\n<meta name=\"twitter:card\" content=\"summary_large_image\" \/>\n<meta name=\"twitter:site\" content=\"@SecuritySekin\" \/>\n<meta name=\"twitter:label1\" content=\"Est. reading time\" \/>\n\t<meta name=\"twitter:data1\" content=\"1 minute\" \/>\n<script type=\"application\/ld+json\" class=\"yoast-schema-graph\">{\"@context\":\"https:\\\/\\\/schema.org\",\"@graph\":[{\"@type\":\"WebPage\",\"@id\":\"https:\\\/\\\/sekin.vn\\\/homepage-parts\\\/\",\"url\":\"https:\\\/\\\/sekin.vn\\\/homepage-parts\\\/\",\"name\":\"Homepage Parts - SEKIN SECURITY\",\"isPartOf\":{\"@id\":\"https:\\\/\\\/sekin.vn\\\/#website\"},\"datePublished\":\"2022-08-06T04:59:11+00:00\",\"dateModified\":\"2025-02-25T07:53:17+00:00\",\"description\":\"Homepage Parts - SEKIN Security t\u1ef1 h\u00e0o l\u00e0 m\u1ed9t trong nh\u1eefng \u0111\u01a1n v\u1ecb cung c\u1ea5p d\u1ecbch v\u1ee5 b\u1ea3o v\u1ec7 chuy\u00ean nghi\u1ec7p h\u00e0ng \u0111\u1ea7u t\u1ea1i Vi\u1ec7t Nam.\",\"breadcrumb\":{\"@id\":\"https:\\\/\\\/sekin.vn\\\/homepage-parts\\\/#breadcrumb\"},\"inLanguage\":\"en-US\",\"potentialAction\":[{\"@type\":\"ReadAction\",\"target\":[\"https:\\\/\\\/sekin.vn\\\/homepage-parts\\\/\"]}]},{\"@type\":\"BreadcrumbList\",\"@id\":\"https:\\\/\\\/sekin.vn\\\/homepage-parts\\\/#breadcrumb\",\"itemListElement\":[{\"@type\":\"ListItem\",\"position\":1,\"name\":\"Trang Ch\u1ee7\",\"item\":\"https:\\\/\\\/sekin.vn\\\/\"},{\"@type\":\"ListItem\",\"position\":2,\"name\":\"Homepage Parts\"}]},{\"@type\":\"WebSite\",\"@id\":\"https:\\\/\\\/sekin.vn\\\/#website\",\"url\":\"https:\\\/\\\/sekin.vn\\\/\",\"name\":\"SEKIN SECURITY\",\"description\":\"Tr\u00e1ch Nhi\u1ec7m - \u0110o\u00e0n K\u1ebft - T\u1eadn T\u00e2m\",\"publisher\":{\"@id\":\"https:\\\/\\\/sekin.vn\\\/#organization\"},\"alternateName\":\"C\u00f4ng Ty B\u1ea3o V\u1ec7 SEKIN\",\"potentialAction\":[{\"@type\":\"SearchAction\",\"target\":{\"@type\":\"EntryPoint\",\"urlTemplate\":\"https:\\\/\\\/sekin.vn\\\/?s={search_term_string}\"},\"query-input\":{\"@type\":\"PropertyValueSpecification\",\"valueRequired\":true,\"valueName\":\"search_term_string\"}}],\"inLanguage\":\"en-US\"},{\"@type\":\"Organization\",\"@id\":\"https:\\\/\\\/sekin.vn\\\/#organization\",\"name\":\"C\u00d4NG TY CP D\u1ecaCH V\u1ee4 B\u1ea2O V\u1ec6 SEKIN\",\"alternateName\":\"SEKIN SECURITY\",\"url\":\"https:\\\/\\\/sekin.vn\\\/\",\"logo\":{\"@type\":\"ImageObject\",\"inLanguage\":\"en-US\",\"@id\":\"https:\\\/\\\/sekin.vn\\\/#\\\/schema\\\/logo\\\/image\\\/\",\"url\":\"https:\\\/\\\/sekin.vn\\\/wp-content\\\/uploads\\\/2022\\\/08\\\/cropped-Sekin-Logo-shield.png\",\"contentUrl\":\"https:\\\/\\\/sekin.vn\\\/wp-content\\\/uploads\\\/2022\\\/08\\\/cropped-Sekin-Logo-shield.png\",\"width\":512,\"height\":512,\"caption\":\"C\u00d4NG TY CP D\u1ecaCH V\u1ee4 B\u1ea2O V\u1ec6 SEKIN\"},\"image\":{\"@id\":\"https:\\\/\\\/sekin.vn\\\/#\\\/schema\\\/logo\\\/image\\\/\"},\"sameAs\":[\"https:\\\/\\\/www.facebook.com\\\/SEKIN.JSC\",\"https:\\\/\\\/x.com\\\/SecuritySekin\",\"https:\\\/\\\/www.linkedin.com\\\/company\\\/sekin-security\\\/\",\"https:\\\/\\\/www.pinterest.com\\\/sekinvn\\\/\"]}]}<\/script>\n<!-- \/ Yoast SEO plugin. -->","yoast_head_json":{"title":"Homepage Parts - SEKIN SECURITY","description":"Homepage Parts - SEKIN Security t\u1ef1 h\u00e0o l\u00e0 m\u1ed9t trong nh\u1eefng \u0111\u01a1n v\u1ecb cung c\u1ea5p d\u1ecbch v\u1ee5 b\u1ea3o v\u1ec7 chuy\u00ean nghi\u1ec7p h\u00e0ng \u0111\u1ea7u t\u1ea1i Vi\u1ec7t Nam.","robots":{"index":"index","follow":"nofollow","max-snippet":"max-snippet:-1","max-image-preview":"max-image-preview:large","max-video-preview":"max-video-preview:-1"},"canonical":"https:\/\/sekin.vn\/en\/homepage-parts\/","og_locale":"en_US","og_type":"article","og_title":"Homepage Parts - SEKIN SECURITY","og_description":"Homepage Parts - SEKIN Security t\u1ef1 h\u00e0o l\u00e0 m\u1ed9t trong nh\u1eefng \u0111\u01a1n v\u1ecb cung c\u1ea5p d\u1ecbch v\u1ee5 b\u1ea3o v\u1ec7 chuy\u00ean nghi\u1ec7p h\u00e0ng \u0111\u1ea7u t\u1ea1i Vi\u1ec7t Nam.","og_url":"https:\/\/sekin.vn\/en\/homepage-parts\/","og_site_name":"SEKIN SECURITY","article_publisher":"https:\/\/www.facebook.com\/SEKIN.JSC","article_modified_time":"2025-02-25T07:53:17+00:00","og_image":[{"width":512,"height":512,"url":"https:\/\/sekin.vn\/wp-content\/uploads\/2022\/08\/cropped-Sekin-Logo-shield.png","type":"image\/png"}],"twitter_card":"summary_large_image","twitter_site":"@SecuritySekin","twitter_misc":{"Est. reading time":"1 minute"},"schema":{"@context":"https:\/\/schema.org","@graph":[{"@type":"WebPage","@id":"https:\/\/sekin.vn\/homepage-parts\/","url":"https:\/\/sekin.vn\/homepage-parts\/","name":"Homepage Parts - SEKIN SECURITY","isPartOf":{"@id":"https:\/\/sekin.vn\/#website"},"datePublished":"2022-08-06T04:59:11+00:00","dateModified":"2025-02-25T07:53:17+00:00","description":"Homepage Parts - SEKIN Security t\u1ef1 h\u00e0o l\u00e0 m\u1ed9t trong nh\u1eefng \u0111\u01a1n v\u1ecb cung c\u1ea5p d\u1ecbch v\u1ee5 b\u1ea3o v\u1ec7 chuy\u00ean nghi\u1ec7p h\u00e0ng \u0111\u1ea7u t\u1ea1i Vi\u1ec7t Nam.","breadcrumb":{"@id":"https:\/\/sekin.vn\/homepage-parts\/#breadcrumb"},"inLanguage":"en-US","potentialAction":[{"@type":"ReadAction","target":["https:\/\/sekin.vn\/homepage-parts\/"]}]},{"@type":"BreadcrumbList","@id":"https:\/\/sekin.vn\/homepage-parts\/#breadcrumb","itemListElement":[{"@type":"ListItem","position":1,"name":"Trang Ch\u1ee7","item":"https:\/\/sekin.vn\/"},{"@type":"ListItem","position":2,"name":"Homepage Parts"}]},{"@type":"WebSite","@id":"https:\/\/sekin.vn\/#website","url":"https:\/\/sekin.vn\/","name":"SEKIN SECURITY","description":"Responsibility - Unity - Dedication","publisher":{"@id":"https:\/\/sekin.vn\/#organization"},"alternateName":"C\u00f4ng Ty B\u1ea3o V\u1ec7 SEKIN","potentialAction":[{"@type":"SearchAction","target":{"@type":"EntryPoint","urlTemplate":"https:\/\/sekin.vn\/?s={search_term_string}"},"query-input":{"@type":"PropertyValueSpecification","valueRequired":true,"valueName":"search_term_string"}}],"inLanguage":"en-US"},{"@type":"Organization","@id":"https:\/\/sekin.vn\/#organization","name":"C\u00d4NG TY CP D\u1ecaCH V\u1ee4 B\u1ea2O V\u1ec6 SEKIN","alternateName":"SEKIN SECURITY","url":"https:\/\/sekin.vn\/","logo":{"@type":"ImageObject","inLanguage":"en-US","@id":"https:\/\/sekin.vn\/#\/schema\/logo\/image\/","url":"https:\/\/sekin.vn\/wp-content\/uploads\/2022\/08\/cropped-Sekin-Logo-shield.png","contentUrl":"https:\/\/sekin.vn\/wp-content\/uploads\/2022\/08\/cropped-Sekin-Logo-shield.png","width":512,"height":512,"caption":"C\u00d4NG TY CP D\u1ecaCH V\u1ee4 B\u1ea2O V\u1ec6 SEKIN"},"image":{"@id":"https:\/\/sekin.vn\/#\/schema\/logo\/image\/"},"sameAs":["https:\/\/www.facebook.com\/SEKIN.JSC","https:\/\/x.com\/SecuritySekin","https:\/\/www.linkedin.com\/company\/sekin-security\/","https:\/\/www.pinterest.com\/sekinvn\/"]}]}},"_links":{"self":[{"href":"https:\/\/sekin.vn\/en\/wp-json\/wp\/v2\/pages\/164","targetHints":{"allow":["GET"]}}],"collection":[{"href":"https:\/\/sekin.vn\/en\/wp-json\/wp\/v2\/pages"}],"about":[{"href":"https:\/\/sekin.vn\/en\/wp-json\/wp\/v2\/types\/page"}],"author":[{"embeddable":true,"href":"https:\/\/sekin.vn\/en\/wp-json\/wp\/v2\/users\/1"}],"replies":[{"embeddable":true,"href":"https:\/\/sekin.vn\/en\/wp-json\/wp\/v2\/comments?post=164"}],"version-history":[{"count":1,"href":"https:\/\/sekin.vn\/en\/wp-json\/wp\/v2\/pages\/164\/revisions"}],"predecessor-version":[{"id":2178,"href":"https:\/\/sekin.vn\/en\/wp-json\/wp\/v2\/pages\/164\/revisions\/2178"}],"wp:attachment":[{"href":"https:\/\/sekin.vn\/en\/wp-json\/wp\/v2\/media?parent=164"}],"curies":[{"name":"wp","href":"https:\/\/api.w.org\/{rel}","templated":true}]}}