{"id":23,"date":"2022-08-02T10:19:23","date_gmt":"2022-08-02T10:19:23","guid":{"rendered":"https:\/\/sekin.vn\/?page_id=23"},"modified":"2026-03-10T14:13:46","modified_gmt":"2026-03-10T07:13:46","slug":"dich-vu-sekin","status":"publish","type":"page","link":"https:\/\/sekin.vn\/en\/our-services\/","title":{"rendered":"Our Services"},"content":{"rendered":"<p><em>C\u00f4ng ty C\u1ed5 ph\u1ea7n D\u1ecbch v\u1ee5 B\u1ea3o v\u1ec7 SEKIN l\u00e0 m\u1ed9t trong nh\u1eefng \u0111\u01a1n v\u1ecb h\u00e0ng \u0111\u1ea7u t\u1ea1i Vi\u1ec7t Nam trong l\u0129nh v\u1ef1c cung c\u1ea5p d\u1ecbch v\u1ee5 b\u1ea3o v\u1ec7 chuy\u00ean nghi\u1ec7p. V\u1edbi ph\u01b0\u01a1ng ch\u00e2m ho\u1ea1t \u0111\u1ed9ng &#8220;Tr\u00e1ch Nhi\u1ec7m \u2013 \u0110o\u00e0n K\u1ebft \u2013 T\u1eadn T\u00e2m&#8221;, ch\u00fang t\u00f4i lu\u00f4n ch\u00fa tr\u1ecdng \u0111\u1ebfn vi\u1ec7c \u0111\u00e0o t\u1ea1o v\u00e0 n\u00e2ng cao chuy\u00ean m\u00f4n cho \u0111\u1ed9i ng\u0169 nh\u00e2n s\u1ef1, nh\u1eb1m \u0111\u00e1p \u1ee9ng m\u1ecdi y\u00eau c\u1ea7u an ninh nghi\u00eam ng\u1eb7t nh\u1ea5t.<\/em><\/p>\n<h2><strong>Diverse Security Services \u2013 Meeting All Security Needs<\/strong><\/h2>\n<p><em>SEKIN SECURITY cung c\u1ea5p \u0111a d\u1ea1ng c\u00e1c d\u1ecbch v\u1ee5 b\u1ea3o v\u1ec7, ph\u00f9 h\u1ee3p v\u1edbi nhi\u1ec1u \u0111\u1ed1i t\u01b0\u1ee3ng kh\u00e1ch h\u00e0ng:<\/em><\/p>\n<ul>\n<li><strong>B\u1ea3o v\u1ec7 t\u00f2a nh\u00e0:<\/strong> Gi\u1ea3i ph\u00e1p an ninh to\u00e0n di\u1ec7n cho v\u0103n ph\u00f2ng, chung c\u01b0, trung t\u00e2m th\u01b0\u01a1ng m\u1ea1i.<\/li>\n<li><strong>B\u1ea3o v\u1ec7 c\u00f4ng tr\u01b0\u1eddng x\u00e2y d\u1ef1ng:<\/strong> \u0110\u1ea3m b\u1ea3o an to\u00e0n cho c\u00e1c c\u00f4ng tr\u00ecnh x\u00e2y d\u1ef1ng t\u1ea1i c\u00e1c t\u1ec9nh, th\u00e0nh ph\u1ed1 l\u1edbn.<\/li>\n<li><strong>B\u1ea3o v\u1ec7 trung t\u00e2m th\u01b0\u01a1ng m\u1ea1i:<\/strong> Ng\u0103n ch\u1eb7n c\u00e1c h\u00e0nh vi tr\u1ed9m c\u1eafp, \u0111\u1ea3m b\u1ea3o an ninh cho kh\u00e1ch h\u00e0ng v\u00e0 nh\u00e2n vi\u00ean.<\/li>\n<li><strong>B\u1ea3o v\u1ec7 nh\u00e0 ri\u00eang:<\/strong> Cung c\u1ea5p c\u00e1c gi\u1ea3i ph\u00e1p an ninh \u01b0u vi\u1ec7t nh\u1ea5t cho gia \u0111\u00ecnh b\u1ea1n.<\/li>\n<li><strong>V\u1ec7 s\u0129 ri\u00eang:<\/strong> D\u1ecbch v\u1ee5 b\u1ea3o v\u1ec7 y\u1ebfu nh\u00e2n, \u0111\u1ea3m b\u1ea3o an to\u00e0n tuy\u1ec7t \u0111\u1ed1i cho c\u00e1 nh\u00e2n quan tr\u1ecdng.<\/li>\n<li><strong>B\u1ea3o v\u1ec7 ng\u00e2n h\u00e0ng:<\/strong> \u0110\u1ea3m b\u1ea3o an to\u00e0n cho ti\u1ec1n v\u00e0 to\u00e0n b\u1ed9 t\u00e0i s\u1ea3n trong ng\u00e2n h\u00e0ng.<\/li>\n<li><strong>B\u1ea3o v\u1ec7 s\u1ef1 ki\u1ec7n v\u00e0 y\u1ebfu nh\u00e2n:<\/strong> T\u1ed1i \u01b0u an ninh, \u0111\u1ea3m b\u1ea3o th\u00e0nh c\u00f4ng cho m\u1ecdi s\u1ef1 ki\u1ec7n.<\/li>\n<li><strong>B\u1ea3o v\u1ec7 nh\u00e0 m\u00e1y, x\u00ed nghi\u1ec7p, khu c\u00f4ng nghi\u1ec7p:<\/strong> \u0110\u1ea3m b\u1ea3o an ninh cho c\u00e1c c\u01a1 s\u1edf s\u1ea3n xu\u1ea5t, kinh doanh.<\/li>\n<li><strong>B\u1ea3o v\u1ec7 b\u1ec7nh vi\u1ec7n:<\/strong> \u0110\u1ea3m b\u1ea3o an ninh tr\u1eadt t\u1ef1 trong m\u00f4i tr\u01b0\u1eddng y t\u1ebf.<\/li>\n<li><strong>B\u1ea3o v\u1ec7 tr\u01b0\u1eddng h\u1ecdc:<\/strong> \u0110\u1ea3m b\u1ea3o an to\u00e0n cho h\u1ecdc sinh, gi\u00e1o vi\u00ean v\u00e0 c\u01a1 s\u1edf v\u1eadt ch\u1ea5t.<\/li>\n<li><strong>Gi\u00e1m s\u00e1t an ninh t\u1eeb xa:<\/strong> S\u1eed d\u1ee5ng c\u00f4ng ngh\u1ec7 ti\u00ean ti\u1ebfn \u0111\u1ec3 gi\u00e1m s\u00e1t v\u00e0 ph\u1ea3n \u1ee9ng nhanh ch\u00f3ng v\u1edbi c\u00e1c s\u1ef1 c\u1ed1.<\/li>\n<li><strong>B\u1ea3o v\u1ec7 \u00e1p t\u1ea3i, v\u1eadn chuy\u1ec3n h\u00e0ng h\u00f3a:<\/strong> \u0110\u1ea3m b\u1ea3o an to\u00e0n cho h\u00e0ng h\u00f3a c\u00f3 gi\u00e1 tr\u1ecb cao trong qu\u00e1 tr\u00ecnh v\u1eadn chuy\u1ec3n.<\/li>\n<\/ul>\n<h2><img data-dominant-color=\"e7ddd6\" data-has-transparency=\"false\" style=\"--dominant-color: #e7ddd6;\" decoding=\"async\" class=\"aligncenter size-medium_large wp-image-2799 not-transparent\" src=\"https:\/\/sekin.vn\/wp-content\/uploads\/2026\/03\/sekin-quy-trinh-dich-vu-768x1152.webp\" alt=\"Quy tr\u00ecnh d\u1ecbch v\u1ee5 b\u1ea3o v\u1ec7\" width=\"768\" height=\"1152\" srcset=\"https:\/\/sekin.vn\/wp-content\/uploads\/2026\/03\/sekin-quy-trinh-dich-vu-768x1152.webp 768w, https:\/\/sekin.vn\/wp-content\/uploads\/2026\/03\/sekin-quy-trinh-dich-vu-227x340.webp 227w, https:\/\/sekin.vn\/wp-content\/uploads\/2026\/03\/sekin-quy-trinh-dich-vu-683x1024.webp 683w, https:\/\/sekin.vn\/wp-content\/uploads\/2026\/03\/sekin-quy-trinh-dich-vu.webp 1024w, https:\/\/sekin.vn\/wp-content\/uploads\/2026\/03\/sekin-quy-trinh-dich-vu-8x12.webp 8w, https:\/\/sekin.vn\/wp-content\/uploads\/2026\/03\/sekin-quy-trinh-dich-vu-60x90.webp 60w\" sizes=\"(max-width: 768px) 100vw, 768px\" \/><\/h2>\n<h2><strong>Cam K\u1ebft C\u1ee7a SEKIN SECURITY<\/strong><\/h2>\n<ul>\n<li><strong>Ch\u1ea5t l\u01b0\u1ee3ng d\u1ecbch v\u1ee5 \u0111\u1ea1t chu\u1ea9n ISO 9001:2008:<\/strong> \u0110\u1ea3m b\u1ea3o quy tr\u00ecnh chuy\u00ean nghi\u1ec7p v\u00e0 hi\u1ec7u qu\u1ea3.<\/li>\n<li><strong>\u0110\u1ed9i ng\u0169 nh\u00e2n vi\u00ean chuy\u00ean nghi\u1ec7p:<\/strong> \u0110\u01b0\u1ee3c tuy\u1ec3n ch\u1ecdn v\u00e0 \u0111\u00e0o t\u1ea1o kh\u1eaft khe, s\u1eb5n s\u00e0ng \u0111\u00e1p \u1ee9ng m\u1ecdi t\u00ecnh hu\u1ed1ng.<\/li>\n<li><strong>\u1ee8ng d\u1ee5ng c\u00f4ng ngh\u1ec7 hi\u1ec7n \u0111\u1ea1i:<\/strong> S\u1eed d\u1ee5ng h\u1ec7 th\u1ed1ng camera, thi\u1ebft b\u1ecb ghi \u00e2m, ghi h\u00ecnh \u0111\u1ec3 gi\u00e1m s\u00e1t an ninh.<\/li>\n<li><strong>Ph\u1ea3n \u1ee9ng nhanh ch\u00f3ng:<\/strong> Lu\u00f4n s\u1eb5n s\u00e0ng x\u1eed l\u00fd c\u00e1c t\u00ecnh hu\u1ed1ng kh\u1ea9n c\u1ea5p, \u0111\u1ea3m b\u1ea3o an to\u00e0n tuy\u1ec7t \u0111\u1ed1i cho kh\u00e1ch h\u00e0ng.<\/li>\n<\/ul>\n<h3><strong>Th\u00f4ng Tin Li\u00ean H\u1ec7<\/strong><\/h3>\n<p>\u0110\u1ecba ch\u1ec9: S\u1ed1 10, Ng\u00e1ch 95\/86, Ph\u1ed1 V\u0169 Xu\u00e2n Thi\u1ec1u, Ph\u01b0\u1eddng Ph\u00fac L\u1ee3i, Qu\u1eadn Long Bi\u00ean, H\u00e0 N\u1ed9i.<br \/>\n\u0110i\u1ec7n tho\u1ea1i: (024) 6688 3236 \/ 0984 190 046<br \/>\nEmail: <a href=\"mailto:info@sekin.vn\">info@sekin.vn<\/a><br \/>\nWebsite: <a href=\"https:\/\/sekin.vn\/en\/\">https:\/\/sekin.vn<\/a><\/p>\n<p><em>V\u1edbi \u0111\u1ed9i ng\u0169 qu\u1ea3n l\u00fd v\u00e0 nh\u00e2n vi\u00ean gi\u00e0u kinh nghi\u1ec7m, c\u00f9ng quy tr\u00ecnh \u0111\u00e0o t\u1ea1o chuy\u00ean nghi\u1ec7p, SEKIN SECURITY cam k\u1ebft mang \u0111\u1ebfn cho kh\u00e1ch h\u00e0ng nh\u1eefng gi\u1ea3i ph\u00e1p an ninh t\u1ed1i \u01b0u, \u0111\u1ea3m b\u1ea3o s\u1ef1 an to\u00e0n tuy\u1ec7t \u0111\u1ed1i cho m\u1ecdi \u0111\u1ed1i t\u01b0\u1ee3ng v\u00e0 m\u1ee5c ti\u00eau b\u1ea3o v\u1ec7.<\/em><\/p>","protected":false},"excerpt":{"rendered":"<p>C\u00f4ng ty C\u1ed5 ph\u1ea7n D\u1ecbch v\u1ee5 B\u1ea3o v\u1ec7 SEKIN l\u00e0 m\u1ed9t trong nh\u1eefng \u0111\u01a1n v\u1ecb h\u00e0ng \u0111\u1ea7u t\u1ea1i Vi\u1ec7t Nam trong l\u0129nh v\u1ef1c cung c\u1ea5p d\u1ecbch v\u1ee5 b\u1ea3o v\u1ec7 chuy\u00ean nghi\u1ec7p. V\u1edbi ph\u01b0\u01a1ng ch\u00e2m ho\u1ea1t \u0111\u1ed9ng &#8220;Tr\u00e1ch Nhi\u1ec7m \u2013 \u0110o\u00e0n K\u1ebft \u2013 T\u1eadn T\u00e2m&#8221;, ch\u00fang t\u00f4i lu\u00f4n ch\u00fa tr\u1ecdng \u0111\u1ebfn vi\u1ec7c \u0111\u00e0o t\u1ea1o v\u00e0 n\u00e2ng cao chuy\u00ean m\u00f4n cho \u0111\u1ed9i ng\u0169 nh\u00e2n s\u1ef1, nh\u1eb1m \u0111\u00e1p \u1ee9ng m\u1ecdi y\u00eau c\u1ea7u an ninh nghi\u00eam ng\u1eb7t nh\u1ea5t.<\/p>","protected":false},"author":1,"featured_media":78,"parent":0,"menu_order":0,"comment_status":"closed","ping_status":"closed","template":"page-templates\/template-page-services.php","meta":{"site-sidebar-layout":"no-sidebar","site-content-layout":"content-boxed-container","ast-site-content-layout":"normal-width-container","site-content-style":"boxed","site-sidebar-style":"unboxed","ast-global-header-display":"","ast-banner-title-visibility":"","ast-main-header-display":"","ast-hfb-above-header-display":"","ast-hfb-below-header-display":"","ast-hfb-mobile-header-display":"","site-post-title":"","ast-breadcrumbs-content":"","ast-featured-img":"","footer-sml-layout":"","ast-disable-related-posts":"","theme-transparent-header-meta":"default","adv-header-id-meta":"","stick-header-meta":"","header-above-stick-meta":"","header-main-stick-meta":"","header-below-stick-meta":"","astra-migrate-meta-layouts":"set","ast-page-background-enabled":"default","ast-page-background-meta":{"desktop":{"background-color":"var(--ast-global-color-4)","background-image":"","background-repeat":"repeat","background-position":"center center","background-size":"auto","background-attachment":"scroll","background-type":"","background-media":"","overlay-type":"","overlay-color":"","overlay-opacity":"","overlay-gradient":""},"tablet":{"background-color":"","background-image":"","background-repeat":"repeat","background-position":"center center","background-size":"auto","background-attachment":"scroll","background-type":"","background-media":"","overlay-type":"","overlay-color":"","overlay-opacity":"","overlay-gradient":""},"mobile":{"background-color":"","background-image":"","background-repeat":"repeat","background-position":"center center","background-size":"auto","background-attachment":"scroll","background-type":"","background-media":"","overlay-type":"","overlay-color":"","overlay-opacity":"","overlay-gradient":""}},"ast-content-background-meta":{"desktop":{"background-color":"var(--ast-global-color-5)","background-image":"","background-repeat":"repeat","background-position":"center center","background-size":"auto","background-attachment":"scroll","background-type":"","background-media":"","overlay-type":"","overlay-color":"","overlay-opacity":"","overlay-gradient":""},"tablet":{"background-color":"var(--ast-global-color-5)","background-image":"","background-repeat":"repeat","background-position":"center center","background-size":"auto","background-attachment":"scroll","background-type":"","background-media":"","overlay-type":"","overlay-color":"","overlay-opacity":"","overlay-gradient":""},"mobile":{"background-color":"var(--ast-global-color-5)","background-image":"","background-repeat":"repeat","background-position":"center center","background-size":"auto","background-attachment":"scroll","background-type":"","background-media":"","overlay-type":"","overlay-color":"","overlay-opacity":"","overlay-gradient":""}},"ngg_post_thumbnail":0,"footnotes":""},"class_list":["post-23","page","type-page","status-publish","has-post-thumbnail","hentry"],"yoast_head":"<!-- This site is optimized with the Yoast SEO plugin v27.5 - https:\/\/yoast.com\/product\/yoast-seo-wordpress\/ -->\n<title>D\u1ecbch V\u1ee5 - SEKIN SECURITY<\/title>\n<meta name=\"description\" content=\"SEKIN Security kh\u00f4ng ng\u1eebng c\u1ea3i ti\u1ebfn, n\u00e2ng cao ch\u1ea5t l\u01b0\u1ee3ng d\u1ecbch v\u1ee5 b\u1ea3o v\u1ec7, nh\u1eb1m mang l\u1ea1i nh\u1eefng gi\u00e1 tr\u1ecb t\u1ed1t t\u1edbi \u0111\u1ebfn v\u1edbi kh\u00e1ch h\u00e0ng, \u0111\u1ed1i t\u00e1c.\" \/>\n<meta name=\"robots\" content=\"index, follow, max-snippet:-1, max-image-preview:large, max-video-preview:-1\" \/>\n<link rel=\"canonical\" href=\"https:\/\/sekin.vn\/en\/dich-vu-sekin\/\" \/>\n<meta property=\"og:locale\" content=\"en_US\" \/>\n<meta property=\"og:type\" content=\"article\" \/>\n<meta property=\"og:title\" content=\"D\u1ecbch V\u1ee5 - SEKIN SECURITY\" \/>\n<meta property=\"og:description\" content=\"SEKIN Security kh\u00f4ng ng\u1eebng c\u1ea3i ti\u1ebfn, n\u00e2ng cao ch\u1ea5t l\u01b0\u1ee3ng d\u1ecbch v\u1ee5 b\u1ea3o v\u1ec7, nh\u1eb1m mang l\u1ea1i nh\u1eefng gi\u00e1 tr\u1ecb t\u1ed1t t\u1edbi \u0111\u1ebfn v\u1edbi kh\u00e1ch h\u00e0ng, \u0111\u1ed1i t\u00e1c.\" \/>\n<meta property=\"og:url\" content=\"https:\/\/sekin.vn\/en\/dich-vu-sekin\/\" \/>\n<meta property=\"og:site_name\" content=\"SEKIN SECURITY\" \/>\n<meta property=\"article:publisher\" content=\"https:\/\/www.facebook.com\/SEKIN.JSC\" \/>\n<meta property=\"article:modified_time\" content=\"2026-03-10T07:13:46+00:00\" \/>\n<meta property=\"og:image\" content=\"https:\/\/sekin.vn\/wp-content\/uploads\/2022\/08\/banner.png\" \/>\n\t<meta property=\"og:image:width\" content=\"1920\" \/>\n\t<meta property=\"og:image:height\" content=\"1248\" \/>\n\t<meta property=\"og:image:type\" content=\"image\/png\" \/>\n<meta name=\"twitter:card\" content=\"summary_large_image\" \/>\n<meta name=\"twitter:site\" content=\"@SecuritySekin\" \/>\n<meta name=\"twitter:label1\" content=\"Est. reading time\" \/>\n\t<meta name=\"twitter:data1\" content=\"3 minutes\" \/>\n<script type=\"application\/ld+json\" class=\"yoast-schema-graph\">{\"@context\":\"https:\\\/\\\/schema.org\",\"@graph\":[{\"@type\":\"WebPage\",\"@id\":\"https:\\\/\\\/sekin.vn\\\/dich-vu-sekin\\\/\",\"url\":\"https:\\\/\\\/sekin.vn\\\/dich-vu-sekin\\\/\",\"name\":\"D\u1ecbch V\u1ee5 - SEKIN SECURITY\",\"isPartOf\":{\"@id\":\"https:\\\/\\\/sekin.vn\\\/#website\"},\"primaryImageOfPage\":{\"@id\":\"https:\\\/\\\/sekin.vn\\\/dich-vu-sekin\\\/#primaryimage\"},\"image\":{\"@id\":\"https:\\\/\\\/sekin.vn\\\/dich-vu-sekin\\\/#primaryimage\"},\"thumbnailUrl\":\"https:\\\/\\\/sekin.vn\\\/wp-content\\\/uploads\\\/2022\\\/08\\\/banner.png\",\"datePublished\":\"2022-08-02T10:19:23+00:00\",\"dateModified\":\"2026-03-10T07:13:46+00:00\",\"description\":\"SEKIN Security kh\u00f4ng ng\u1eebng c\u1ea3i ti\u1ebfn, n\u00e2ng cao ch\u1ea5t l\u01b0\u1ee3ng d\u1ecbch v\u1ee5 b\u1ea3o v\u1ec7, nh\u1eb1m mang l\u1ea1i nh\u1eefng gi\u00e1 tr\u1ecb t\u1ed1t t\u1edbi \u0111\u1ebfn v\u1edbi kh\u00e1ch h\u00e0ng, \u0111\u1ed1i t\u00e1c.\",\"breadcrumb\":{\"@id\":\"https:\\\/\\\/sekin.vn\\\/dich-vu-sekin\\\/#breadcrumb\"},\"inLanguage\":\"en-US\",\"potentialAction\":[{\"@type\":\"ReadAction\",\"target\":[\"https:\\\/\\\/sekin.vn\\\/dich-vu-sekin\\\/\"]}]},{\"@type\":\"ImageObject\",\"inLanguage\":\"en-US\",\"@id\":\"https:\\\/\\\/sekin.vn\\\/dich-vu-sekin\\\/#primaryimage\",\"url\":\"https:\\\/\\\/sekin.vn\\\/wp-content\\\/uploads\\\/2022\\\/08\\\/banner.png\",\"contentUrl\":\"https:\\\/\\\/sekin.vn\\\/wp-content\\\/uploads\\\/2022\\\/08\\\/banner.png\",\"width\":1920,\"height\":1248,\"caption\":\"banner Sekin\"},{\"@type\":\"BreadcrumbList\",\"@id\":\"https:\\\/\\\/sekin.vn\\\/dich-vu-sekin\\\/#breadcrumb\",\"itemListElement\":[{\"@type\":\"ListItem\",\"position\":1,\"name\":\"Trang Ch\u1ee7\",\"item\":\"https:\\\/\\\/sekin.vn\\\/\"},{\"@type\":\"ListItem\",\"position\":2,\"name\":\"D\u1ecbch V\u1ee5\"}]},{\"@type\":\"WebSite\",\"@id\":\"https:\\\/\\\/sekin.vn\\\/#website\",\"url\":\"https:\\\/\\\/sekin.vn\\\/\",\"name\":\"SEKIN SECURITY\",\"description\":\"Tr\u00e1ch Nhi\u1ec7m - \u0110o\u00e0n K\u1ebft - T\u1eadn T\u00e2m\",\"publisher\":{\"@id\":\"https:\\\/\\\/sekin.vn\\\/#organization\"},\"alternateName\":\"C\u00f4ng Ty B\u1ea3o V\u1ec7 SEKIN\",\"potentialAction\":[{\"@type\":\"SearchAction\",\"target\":{\"@type\":\"EntryPoint\",\"urlTemplate\":\"https:\\\/\\\/sekin.vn\\\/?s={search_term_string}\"},\"query-input\":{\"@type\":\"PropertyValueSpecification\",\"valueRequired\":true,\"valueName\":\"search_term_string\"}}],\"inLanguage\":\"en-US\"},{\"@type\":\"Organization\",\"@id\":\"https:\\\/\\\/sekin.vn\\\/#organization\",\"name\":\"C\u00d4NG TY CP D\u1ecaCH V\u1ee4 B\u1ea2O V\u1ec6 SEKIN\",\"alternateName\":\"SEKIN SECURITY\",\"url\":\"https:\\\/\\\/sekin.vn\\\/\",\"logo\":{\"@type\":\"ImageObject\",\"inLanguage\":\"en-US\",\"@id\":\"https:\\\/\\\/sekin.vn\\\/#\\\/schema\\\/logo\\\/image\\\/\",\"url\":\"https:\\\/\\\/sekin.vn\\\/wp-content\\\/uploads\\\/2022\\\/08\\\/cropped-Sekin-Logo-shield.png\",\"contentUrl\":\"https:\\\/\\\/sekin.vn\\\/wp-content\\\/uploads\\\/2022\\\/08\\\/cropped-Sekin-Logo-shield.png\",\"width\":512,\"height\":512,\"caption\":\"C\u00d4NG TY CP D\u1ecaCH V\u1ee4 B\u1ea2O V\u1ec6 SEKIN\"},\"image\":{\"@id\":\"https:\\\/\\\/sekin.vn\\\/#\\\/schema\\\/logo\\\/image\\\/\"},\"sameAs\":[\"https:\\\/\\\/www.facebook.com\\\/SEKIN.JSC\",\"https:\\\/\\\/x.com\\\/SecuritySekin\",\"https:\\\/\\\/www.linkedin.com\\\/company\\\/sekin-security\\\/\",\"https:\\\/\\\/www.pinterest.com\\\/sekinvn\\\/\"]}]}<\/script>\n<!-- \/ Yoast SEO plugin. -->","yoast_head_json":{"title":"D\u1ecbch V\u1ee5 - SEKIN SECURITY","description":"SEKIN Security kh\u00f4ng ng\u1eebng c\u1ea3i ti\u1ebfn, n\u00e2ng cao ch\u1ea5t l\u01b0\u1ee3ng d\u1ecbch v\u1ee5 b\u1ea3o v\u1ec7, nh\u1eb1m mang l\u1ea1i nh\u1eefng gi\u00e1 tr\u1ecb t\u1ed1t t\u1edbi \u0111\u1ebfn v\u1edbi kh\u00e1ch h\u00e0ng, \u0111\u1ed1i t\u00e1c.","robots":{"index":"index","follow":"follow","max-snippet":"max-snippet:-1","max-image-preview":"max-image-preview:large","max-video-preview":"max-video-preview:-1"},"canonical":"https:\/\/sekin.vn\/en\/dich-vu-sekin\/","og_locale":"en_US","og_type":"article","og_title":"D\u1ecbch V\u1ee5 - SEKIN SECURITY","og_description":"SEKIN Security kh\u00f4ng ng\u1eebng c\u1ea3i ti\u1ebfn, n\u00e2ng cao ch\u1ea5t l\u01b0\u1ee3ng d\u1ecbch v\u1ee5 b\u1ea3o v\u1ec7, nh\u1eb1m mang l\u1ea1i nh\u1eefng gi\u00e1 tr\u1ecb t\u1ed1t t\u1edbi \u0111\u1ebfn v\u1edbi kh\u00e1ch h\u00e0ng, \u0111\u1ed1i t\u00e1c.","og_url":"https:\/\/sekin.vn\/en\/dich-vu-sekin\/","og_site_name":"SEKIN SECURITY","article_publisher":"https:\/\/www.facebook.com\/SEKIN.JSC","article_modified_time":"2026-03-10T07:13:46+00:00","og_image":[{"width":1920,"height":1248,"url":"https:\/\/sekin.vn\/wp-content\/uploads\/2022\/08\/banner.png","type":"image\/png"}],"twitter_card":"summary_large_image","twitter_site":"@SecuritySekin","twitter_misc":{"Est. reading time":"3 minutes"},"schema":{"@context":"https:\/\/schema.org","@graph":[{"@type":"WebPage","@id":"https:\/\/sekin.vn\/dich-vu-sekin\/","url":"https:\/\/sekin.vn\/dich-vu-sekin\/","name":"D\u1ecbch V\u1ee5 - SEKIN SECURITY","isPartOf":{"@id":"https:\/\/sekin.vn\/#website"},"primaryImageOfPage":{"@id":"https:\/\/sekin.vn\/dich-vu-sekin\/#primaryimage"},"image":{"@id":"https:\/\/sekin.vn\/dich-vu-sekin\/#primaryimage"},"thumbnailUrl":"https:\/\/sekin.vn\/wp-content\/uploads\/2022\/08\/banner.png","datePublished":"2022-08-02T10:19:23+00:00","dateModified":"2026-03-10T07:13:46+00:00","description":"SEKIN Security kh\u00f4ng ng\u1eebng c\u1ea3i ti\u1ebfn, n\u00e2ng cao ch\u1ea5t l\u01b0\u1ee3ng d\u1ecbch v\u1ee5 b\u1ea3o v\u1ec7, nh\u1eb1m mang l\u1ea1i nh\u1eefng gi\u00e1 tr\u1ecb t\u1ed1t t\u1edbi \u0111\u1ebfn v\u1edbi kh\u00e1ch h\u00e0ng, \u0111\u1ed1i t\u00e1c.","breadcrumb":{"@id":"https:\/\/sekin.vn\/dich-vu-sekin\/#breadcrumb"},"inLanguage":"en-US","potentialAction":[{"@type":"ReadAction","target":["https:\/\/sekin.vn\/dich-vu-sekin\/"]}]},{"@type":"ImageObject","inLanguage":"en-US","@id":"https:\/\/sekin.vn\/dich-vu-sekin\/#primaryimage","url":"https:\/\/sekin.vn\/wp-content\/uploads\/2022\/08\/banner.png","contentUrl":"https:\/\/sekin.vn\/wp-content\/uploads\/2022\/08\/banner.png","width":1920,"height":1248,"caption":"banner Sekin"},{"@type":"BreadcrumbList","@id":"https:\/\/sekin.vn\/dich-vu-sekin\/#breadcrumb","itemListElement":[{"@type":"ListItem","position":1,"name":"Trang Ch\u1ee7","item":"https:\/\/sekin.vn\/"},{"@type":"ListItem","position":2,"name":"D\u1ecbch V\u1ee5"}]},{"@type":"WebSite","@id":"https:\/\/sekin.vn\/#website","url":"https:\/\/sekin.vn\/","name":"SEKIN SECURITY","description":"Responsibility - Unity - Dedication","publisher":{"@id":"https:\/\/sekin.vn\/#organization"},"alternateName":"C\u00f4ng Ty B\u1ea3o V\u1ec7 SEKIN","potentialAction":[{"@type":"SearchAction","target":{"@type":"EntryPoint","urlTemplate":"https:\/\/sekin.vn\/?s={search_term_string}"},"query-input":{"@type":"PropertyValueSpecification","valueRequired":true,"valueName":"search_term_string"}}],"inLanguage":"en-US"},{"@type":"Organization","@id":"https:\/\/sekin.vn\/#organization","name":"C\u00d4NG TY CP D\u1ecaCH V\u1ee4 B\u1ea2O V\u1ec6 SEKIN","alternateName":"SEKIN SECURITY","url":"https:\/\/sekin.vn\/","logo":{"@type":"ImageObject","inLanguage":"en-US","@id":"https:\/\/sekin.vn\/#\/schema\/logo\/image\/","url":"https:\/\/sekin.vn\/wp-content\/uploads\/2022\/08\/cropped-Sekin-Logo-shield.png","contentUrl":"https:\/\/sekin.vn\/wp-content\/uploads\/2022\/08\/cropped-Sekin-Logo-shield.png","width":512,"height":512,"caption":"C\u00d4NG TY CP D\u1ecaCH V\u1ee4 B\u1ea2O V\u1ec6 SEKIN"},"image":{"@id":"https:\/\/sekin.vn\/#\/schema\/logo\/image\/"},"sameAs":["https:\/\/www.facebook.com\/SEKIN.JSC","https:\/\/x.com\/SecuritySekin","https:\/\/www.linkedin.com\/company\/sekin-security\/","https:\/\/www.pinterest.com\/sekinvn\/"]}]}},"_links":{"self":[{"href":"https:\/\/sekin.vn\/en\/wp-json\/wp\/v2\/pages\/23","targetHints":{"allow":["GET"]}}],"collection":[{"href":"https:\/\/sekin.vn\/en\/wp-json\/wp\/v2\/pages"}],"about":[{"href":"https:\/\/sekin.vn\/en\/wp-json\/wp\/v2\/types\/page"}],"author":[{"embeddable":true,"href":"https:\/\/sekin.vn\/en\/wp-json\/wp\/v2\/users\/1"}],"replies":[{"embeddable":true,"href":"https:\/\/sekin.vn\/en\/wp-json\/wp\/v2\/comments?post=23"}],"version-history":[{"count":6,"href":"https:\/\/sekin.vn\/en\/wp-json\/wp\/v2\/pages\/23\/revisions"}],"predecessor-version":[{"id":2801,"href":"https:\/\/sekin.vn\/en\/wp-json\/wp\/v2\/pages\/23\/revisions\/2801"}],"wp:featuredmedia":[{"embeddable":true,"href":"https:\/\/sekin.vn\/en\/wp-json\/wp\/v2\/media\/78"}],"wp:attachment":[{"href":"https:\/\/sekin.vn\/en\/wp-json\/wp\/v2\/media?parent=23"}],"curies":[{"name":"wp","href":"https:\/\/api.w.org\/{rel}","templated":true}]}}