{"id":25,"date":"2022-08-02T10:19:44","date_gmt":"2022-08-02T10:19:44","guid":{"rendered":"https:\/\/sekin.vn\/?page_id=25"},"modified":"2025-05-20T13:08:27","modified_gmt":"2025-05-20T06:08:27","slug":"tu-van","status":"publish","type":"page","link":"https:\/\/sekin.vn\/en\/get-a-consultation\/","title":{"rendered":"Request a Consultation"},"content":{"rendered":"<p>Trong b\u1ed1i c\u1ea3nh an ninh ng\u00e0y c\u00e0ng tr\u1edf n\u00ean quan tr\u1ecdng, vi\u1ec7c l\u1ef1a ch\u1ecdn m\u1ed9t \u0111\u1ed1i t\u00e1c cung c\u1ea5p d\u1ecbch v\u1ee5 b\u1ea3o v\u1ec7 chuy\u00ean nghi\u1ec7p l\u00e0 y\u1ebfu t\u1ed1 then ch\u1ed1t \u0111\u1ec3 \u0111\u1ea3m b\u1ea3o an to\u00e0n cho doanh nghi\u1ec7p v\u00e0 c\u00e1 nh\u00e2n. SEKIN Security t\u1ef1 h\u00e0o l\u00e0 \u0111\u01a1n v\u1ecb h\u00e0ng \u0111\u1ea7u trong l\u0129nh v\u1ef1c t\u01b0 v\u1ea5n v\u00e0 cung c\u1ea5p d\u1ecbch v\u1ee5 b\u1ea3o v\u1ec7 t\u1ea1i Vi\u1ec7t Nam.<\/p>\n<h3><strong>T\u01b0 V\u1ea5n D\u1ecbch V\u1ee5 B\u1ea3o V\u1ec7 To\u00e0n Di\u1ec7n<\/strong><\/h3>\n<p><em>SEKIN cung c\u1ea5p d\u1ecbch v\u1ee5 t\u01b0 v\u1ea5n b\u1ea3o v\u1ec7 cho nhi\u1ec1u lo\u1ea1i h\u00ecnh m\u1ee5c ti\u00eau, bao g\u1ed3m:<\/em><\/p>\n<ul>\n<li><strong>B\u1ea3o v\u1ec7 t\u00f2a nh\u00e0:<\/strong> \u0110\u1ea3m b\u1ea3o an ninh cho c\u00e1c t\u00f2a nh\u00e0 v\u0103n ph\u00f2ng, chung c\u01b0, trung t\u00e2m th\u01b0\u01a1ng m\u1ea1i.<\/li>\n<li><strong>B\u1ea3o v\u1ec7 c\u00f4ng tr\u01b0\u1eddng x\u00e2y d\u1ef1ng:<\/strong> Gi\u00e1m s\u00e1t v\u00e0 b\u1ea3o v\u1ec7 t\u00e0i s\u1ea3n, thi\u1ebft b\u1ecb t\u1ea1i c\u00e1c c\u00f4ng tr\u00ecnh x\u00e2y d\u1ef1ng.<\/li>\n<li><strong>B\u1ea3o v\u1ec7 trung t\u00e2m th\u01b0\u01a1ng m\u1ea1i:<\/strong> \u0110\u1ea3m b\u1ea3o an ninh cho kh\u00e1ch h\u00e0ng v\u00e0 t\u00e0i s\u1ea3n t\u1ea1i c\u00e1c trung t\u00e2m mua s\u1eafm.<\/li>\n<li><strong>B\u1ea3o v\u1ec7 tr\u01b0\u1eddng h\u1ecdc:<\/strong> \u0110\u1ea3m b\u1ea3o an to\u00e0n cho h\u1ecdc sinh, gi\u00e1o vi\u00ean v\u00e0 c\u01a1 s\u1edf v\u1eadt ch\u1ea5t.<\/li>\n<li><strong>B\u1ea3o v\u1ec7 b\u1ec7nh vi\u1ec7n:<\/strong> Gi\u1eef g\u00ecn tr\u1eadt t\u1ef1 v\u00e0 an ninh trong m\u00f4i tr\u01b0\u1eddng y t\u1ebf.<\/li>\n<li><strong>B\u1ea3o v\u1ec7 nh\u00e0 ri\u00eang:<\/strong> B\u1ea3o v\u1ec7 t\u00e0i s\u1ea3n v\u00e0 s\u1ef1 an to\u00e0n cho gia \u0111\u00ecnh b\u1ea1n.<\/li>\n<li><strong>V\u1ec7 s\u0129 ri\u00eang:<\/strong> Cung c\u1ea5p d\u1ecbch v\u1ee5 b\u1ea3o v\u1ec7 c\u00e1 nh\u00e2n cho c\u00e1c y\u1ebfu nh\u00e2n, doanh nh\u00e2n, ngh\u1ec7 s\u0129.<\/li>\n<li><strong>Gi\u00e1m s\u00e1t an ninh t\u1eeb xa:<\/strong> S\u1eed d\u1ee5ng c\u00f4ng ngh\u1ec7 hi\u1ec7n \u0111\u1ea1i \u0111\u1ec3 gi\u00e1m s\u00e1t v\u00e0 ph\u1ea3n \u1ee9ng k\u1ecbp th\u1eddi v\u1edbi c\u00e1c t\u00ecnh hu\u1ed1ng an ninh.<\/li>\n<li><strong>B\u1ea3o v\u1ec7 \u00e1p t\u1ea3i, v\u1eadn chuy\u1ec3n h\u00e0ng h\u00f3a:<\/strong> \u0110\u1ea3m b\u1ea3o an to\u00e0n cho h\u00e0ng h\u00f3a trong qu\u00e1 tr\u00ecnh v\u1eadn chuy\u1ec3n.<\/li>\n<li><strong>B\u1ea3o v\u1ec7 ng\u00e2n h\u00e0ng:<\/strong> \u0110\u1ea3m b\u1ea3o an ninh cho c\u00e1c giao d\u1ecbch v\u00e0 t\u00e0i s\u1ea3n ng\u00e2n h\u00e0ng.<\/li>\n<li><strong>B\u1ea3o v\u1ec7 s\u1ef1 ki\u1ec7n v\u00e0 y\u1ebfu nh\u00e2n:<\/strong> \u0110\u1ea3m b\u1ea3o an ninh cho c\u00e1c s\u1ef1 ki\u1ec7n l\u1edbn v\u00e0 b\u1ea3o v\u1ec7 c\u00e1c c\u00e1 nh\u00e2n quan tr\u1ecdng.<\/li>\n<li><strong>B\u1ea3o v\u1ec7 nh\u00e0 m\u00e1y, x\u00ed nghi\u1ec7p, khu c\u00f4ng nghi\u1ec7p:<\/strong> \u0110\u1ea3m b\u1ea3o an ninh cho c\u00e1c c\u01a1 s\u1edf s\u1ea3n xu\u1ea5t v\u00e0 khu c\u00f4ng nghi\u1ec7p.<\/li>\n<\/ul>\n<h3><strong>Quy Tr\u00ecnh T\u01b0 V\u1ea5n Chuy\u00ean Nghi\u1ec7p<\/strong><\/h3>\n<ol>\n<li>Ti\u1ebfp nh\u1eadn y\u00eau c\u1ea7u: Kh\u00e1ch h\u00e0ng li\u00ean h\u1ec7 qua hotline ho\u1eb7c email \u0111\u1ec3 tr\u00ecnh b\u00e0y nhu c\u1ea7u.<\/li>\n<li>Kh\u1ea3o s\u00e1t th\u1ef1c t\u1ebf: \u0110\u1ed9i ng\u0169 SEKIN s\u1ebd kh\u1ea3o s\u00e1t \u0111\u1ecba \u0111i\u1ec3m \u0111\u1ec3 hi\u1ec3u r\u00f5 y\u00eau c\u1ea7u v\u00e0 m\u00f4i tr\u01b0\u1eddng l\u00e0m vi\u1ec7c.<\/li>\n<li>\u0110\u1ec1 xu\u1ea5t v\u00e0 x\u00e2y d\u1ef1ng ph\u01b0\u01a1ng \u00e1n b\u1ea3o v\u1ec7: D\u1ef1a tr\u00ean kh\u1ea3o s\u00e1t, SEKIN s\u1ebd \u0111\u1ec1 xu\u1ea5t v\u00e0 x\u00e2y d\u1ef1ng ph\u01b0\u01a1ng \u00e1n b\u1ea3o v\u1ec7 ph\u00f9 h\u1ee3p.<\/li>\n<li>K\u00fd k\u1ebft h\u1ee3p \u0111\u1ed3ng: Sau khi th\u1ed1ng nh\u1ea5t, hai b\u00ean s\u1ebd ti\u1ebfn h\u00e0nh k\u00fd k\u1ebft h\u1ee3p \u0111\u1ed3ng d\u1ecbch v\u1ee5.<\/li>\n<li>Tri\u1ec3n khai d\u1ecbch v\u1ee5: SEKIN s\u1ebd tri\u1ec3n khai d\u1ecbch v\u1ee5 theo \u0111\u00fang ph\u01b0\u01a1ng \u00e1n \u0111\u00e3 \u0111\u1ec1 ra.<\/li>\n<li>Qu\u1ea3n l\u00fd &amp; v\u1eadn h\u00e0nh d\u1ecbch v\u1ee5: ki\u1ec3m so\u00e1t ch\u1ea5t l\u01b0\u1ee3ng d\u1ecbch v\u1ee5, gi\u00e1m s\u00e1t c\u00e1c quy tr\u00ecnh, quy \u0111\u1ecbnh, t\u00e1i \u0111\u00e0o t\u1ea1o,&#8230;<\/li>\n<\/ol>\n<h3><strong>Li\u00ean H\u1ec7 T\u01b0 V\u1ea5n<\/strong><\/h3>\n<p>\u0110\u1ecba ch\u1ec9: S\u1ed1 10, Ng\u00e1ch 95\/86, Ph\u1ed1 V\u0169 Xu\u00e2n Thi\u1ec1u, Long Bi\u00ean, H\u00e0 N\u1ed9i.<br \/>\nHotline: 024 6688 3236 \/ 0984 190 046<br \/>\nEmail: info@sekin.vn<\/p>\n<div class=\"contact-form consult-from\">\n<div class=\"wpcf7 no-js\" id=\"wpcf7-f304-o1\" lang=\"en-US\" dir=\"ltr\" data-wpcf7-id=\"304\">\n<div class=\"screen-reader-response\"><p role=\"status\" aria-live=\"polite\" aria-atomic=\"true\"><\/p> <ul><\/ul><\/div>\n<form action=\"\/en\/wp-json\/wp\/v2\/pages\/25#wpcf7-f304-o1\" method=\"post\" class=\"wpcf7-form init\" aria-label=\"Contact form\" novalidate=\"novalidate\" data-status=\"init\" data-trp-original-action=\"\/en\/wp-json\/wp\/v2\/pages\/25#wpcf7-f304-o1\">\n<fieldset class=\"hidden-fields-container\"><input type=\"hidden\" name=\"_wpcf7\" value=\"304\" \/><input type=\"hidden\" name=\"_wpcf7_version\" value=\"6.1.5\" \/><input type=\"hidden\" name=\"_wpcf7_locale\" value=\"en_US\" \/><input type=\"hidden\" name=\"_wpcf7_unit_tag\" value=\"wpcf7-f304-o1\" \/><input type=\"hidden\" name=\"_wpcf7_container_post\" value=\"0\" \/><input type=\"hidden\" name=\"_wpcf7_posted_data_hash\" value=\"\" \/>\n<\/fieldset>\n<p><label><span class=\"wpcf7-form-control-wrap\" data-name=\"your-name\"><input size=\"80\" maxlength=\"400\" class=\"wpcf7-form-control wpcf7-text wpcf7-validates-as-required\" aria-required=\"true\" aria-invalid=\"false\" placeholder=\"Full-name\" value=\"\" type=\"text\" name=\"your-name\" \/><\/span> <\/label><br \/>\n<label><span class=\"wpcf7-form-control-wrap\" data-name=\"your-phone\"><input size=\"80\" maxlength=\"400\" class=\"wpcf7-form-control wpcf7-text wpcf7-validates-as-required\" aria-required=\"true\" aria-invalid=\"false\" placeholder=\"Phone\" value=\"\" type=\"text\" name=\"your-phone\" \/><\/span> <\/label><br \/>\n<label><span class=\"wpcf7-form-control-wrap\" data-name=\"your-email\"><input size=\"80\" maxlength=\"400\" class=\"wpcf7-form-control wpcf7-email wpcf7-validates-as-required wpcf7-text wpcf7-validates-as-email\" aria-required=\"true\" aria-invalid=\"false\" placeholder=\"Email\" value=\"\" type=\"email\" name=\"your-email\" \/><\/span> <\/label><br \/>\n<label><span class=\"wpcf7-form-control-wrap\" data-name=\"your-request\"><textarea cols=\"80\" rows=\"10\" maxlength=\"2000\" class=\"wpcf7-form-control wpcf7-textarea\" aria-invalid=\"false\" placeholder=\"Your Request\" name=\"your-request\"><\/textarea><\/span> <\/label><br \/>\n<input class=\"wpcf7-form-control wpcf7-submit has-spinner\" type=\"submit\" value=\"Send Your Request\" \/>\n<\/p><div class=\"wpcf7-response-output\" aria-hidden=\"true\"><\/div>\n<input type=\"hidden\" name=\"trp-form-language\" value=\"en\"\/><\/form>\n<\/div>\n<\/div>\n<div>&nbsp;<\/div>\n<div>\n<hr \/>\n<p><em><span><strong>SEKIN Security<\/strong> cam k\u1ebft mang \u0111\u1ebfn cho kh\u00e1ch h\u00e0ng d\u1ecbch v\u1ee5 b\u1ea3o v\u1ec7 chuy\u00ean nghi\u1ec7p, t\u1eadn t\u00e2m v\u00e0 hi\u1ec7u qu\u1ea3 nh\u1ea5t.<\/span><\/em><\/p>\n<\/div>","protected":false},"excerpt":{"rendered":"<p>Trong b\u1ed1i c\u1ea3nh an ninh ng\u00e0y c\u00e0ng tr\u1edf n\u00ean quan tr\u1ecdng, vi\u1ec7c l\u1ef1a ch\u1ecdn m\u1ed9t \u0111\u1ed1i t\u00e1c cung c\u1ea5p d\u1ecbch v\u1ee5 b\u1ea3o v\u1ec7 chuy\u00ean nghi\u1ec7p l\u00e0 y\u1ebfu t\u1ed1 then ch\u1ed1t \u0111\u1ec3 \u0111\u1ea3m b\u1ea3o an to\u00e0n cho doanh nghi\u1ec7p v\u00e0 c\u00e1 [&hellip;]<\/p>\n","protected":false},"author":1,"featured_media":78,"parent":0,"menu_order":0,"comment_status":"closed","ping_status":"closed","template":"","meta":{"site-sidebar-layout":"right-sidebar","site-content-layout":"content-boxed-container","ast-site-content-layout":"normal-width-container","site-content-style":"boxed","site-sidebar-style":"unboxed","ast-global-header-display":"","ast-banner-title-visibility":"","ast-main-header-display":"","ast-hfb-above-header-display":"","ast-hfb-below-header-display":"","ast-hfb-mobile-header-display":"","site-post-title":"","ast-breadcrumbs-content":"","ast-featured-img":"","footer-sml-layout":"","ast-disable-related-posts":"","theme-transparent-header-meta":"default","adv-header-id-meta":"","stick-header-meta":"","header-above-stick-meta":"","header-main-stick-meta":"","header-below-stick-meta":"","astra-migrate-meta-layouts":"set","ast-page-background-enabled":"default","ast-page-background-meta":{"desktop":{"background-color":"var(--ast-global-color-4)","background-image":"","background-repeat":"repeat","background-position":"center center","background-size":"auto","background-attachment":"scroll","background-type":"","background-media":"","overlay-type":"","overlay-color":"","overlay-opacity":"","overlay-gradient":""},"tablet":{"background-color":"","background-image":"","background-repeat":"repeat","background-position":"center center","background-size":"auto","background-attachment":"scroll","background-type":"","background-media":"","overlay-type":"","overlay-color":"","overlay-opacity":"","overlay-gradient":""},"mobile":{"background-color":"","background-image":"","background-repeat":"repeat","background-position":"center center","background-size":"auto","background-attachment":"scroll","background-type":"","background-media":"","overlay-type":"","overlay-color":"","overlay-opacity":"","overlay-gradient":""}},"ast-content-background-meta":{"desktop":{"background-color":"var(--ast-global-color-5)","background-image":"","background-repeat":"repeat","background-position":"center center","background-size":"auto","background-attachment":"scroll","background-type":"","background-media":"","overlay-type":"","overlay-color":"","overlay-opacity":"","overlay-gradient":""},"tablet":{"background-color":"var(--ast-global-color-5)","background-image":"","background-repeat":"repeat","background-position":"center center","background-size":"auto","background-attachment":"scroll","background-type":"","background-media":"","overlay-type":"","overlay-color":"","overlay-opacity":"","overlay-gradient":""},"mobile":{"background-color":"var(--ast-global-color-5)","background-image":"","background-repeat":"repeat","background-position":"center center","background-size":"auto","background-attachment":"scroll","background-type":"","background-media":"","overlay-type":"","overlay-color":"","overlay-opacity":"","overlay-gradient":""}},"ngg_post_thumbnail":0,"footnotes":""},"class_list":["post-25","page","type-page","status-publish","has-post-thumbnail","hentry"],"yoast_head":"<!-- This site is optimized with the Yoast SEO plugin v27.5 - https:\/\/yoast.com\/product\/yoast-seo-wordpress\/ -->\n<title>T\u01b0 V\u1ea5n D\u1ecbch V\u1ee5 B\u1ea3o V\u1ec7 To\u00e0n Di\u1ec7n - SEKIN SECURITY<\/title>\n<meta name=\"description\" content=\"Y\u00eau C\u1ea7u T\u01b0 V\u1ea5n - SEKIN Security t\u1ef1 h\u00e0o l\u00e0 m\u1ed9t trong nh\u1eefng \u0111\u01a1n v\u1ecb cung c\u1ea5p d\u1ecbch v\u1ee5 b\u1ea3o v\u1ec7 chuy\u00ean nghi\u1ec7p h\u00e0ng \u0111\u1ea7u t\u1ea1i Vi\u1ec7t Nam.\" \/>\n<meta name=\"robots\" content=\"index, follow, max-snippet:-1, max-image-preview:large, max-video-preview:-1\" \/>\n<link rel=\"canonical\" href=\"https:\/\/sekin.vn\/en\/tu-van\/\" \/>\n<meta property=\"og:locale\" content=\"en_US\" \/>\n<meta property=\"og:type\" content=\"article\" \/>\n<meta property=\"og:title\" content=\"T\u01b0 V\u1ea5n D\u1ecbch V\u1ee5 B\u1ea3o V\u1ec7 To\u00e0n Di\u1ec7n - SEKIN SECURITY\" \/>\n<meta property=\"og:description\" content=\"Y\u00eau C\u1ea7u T\u01b0 V\u1ea5n - SEKIN Security t\u1ef1 h\u00e0o l\u00e0 m\u1ed9t trong nh\u1eefng \u0111\u01a1n v\u1ecb cung c\u1ea5p d\u1ecbch v\u1ee5 b\u1ea3o v\u1ec7 chuy\u00ean nghi\u1ec7p h\u00e0ng \u0111\u1ea7u t\u1ea1i Vi\u1ec7t Nam.\" \/>\n<meta property=\"og:url\" content=\"https:\/\/sekin.vn\/en\/tu-van\/\" \/>\n<meta property=\"og:site_name\" content=\"SEKIN SECURITY\" \/>\n<meta property=\"article:publisher\" content=\"https:\/\/www.facebook.com\/SEKIN.JSC\" \/>\n<meta property=\"article:modified_time\" content=\"2025-05-20T06:08:27+00:00\" \/>\n<meta property=\"og:image\" content=\"https:\/\/sekin.vn\/wp-content\/uploads\/2022\/08\/banner.png\" \/>\n\t<meta property=\"og:image:width\" content=\"1920\" \/>\n\t<meta property=\"og:image:height\" content=\"1248\" \/>\n\t<meta property=\"og:image:type\" content=\"image\/png\" \/>\n<meta name=\"twitter:card\" content=\"summary_large_image\" \/>\n<meta name=\"twitter:site\" content=\"@SecuritySekin\" \/>\n<meta name=\"twitter:label1\" content=\"Est. reading time\" \/>\n\t<meta name=\"twitter:data1\" content=\"3 minutes\" \/>\n<script type=\"application\/ld+json\" class=\"yoast-schema-graph\">{\"@context\":\"https:\\\/\\\/schema.org\",\"@graph\":[{\"@type\":\"WebPage\",\"@id\":\"https:\\\/\\\/sekin.vn\\\/tu-van\\\/\",\"url\":\"https:\\\/\\\/sekin.vn\\\/tu-van\\\/\",\"name\":\"T\u01b0 V\u1ea5n D\u1ecbch V\u1ee5 B\u1ea3o V\u1ec7 To\u00e0n Di\u1ec7n - SEKIN SECURITY\",\"isPartOf\":{\"@id\":\"https:\\\/\\\/sekin.vn\\\/#website\"},\"primaryImageOfPage\":{\"@id\":\"https:\\\/\\\/sekin.vn\\\/tu-van\\\/#primaryimage\"},\"image\":{\"@id\":\"https:\\\/\\\/sekin.vn\\\/tu-van\\\/#primaryimage\"},\"thumbnailUrl\":\"https:\\\/\\\/sekin.vn\\\/wp-content\\\/uploads\\\/2022\\\/08\\\/banner.png\",\"datePublished\":\"2022-08-02T10:19:44+00:00\",\"dateModified\":\"2025-05-20T06:08:27+00:00\",\"description\":\"Y\u00eau C\u1ea7u T\u01b0 V\u1ea5n - SEKIN Security t\u1ef1 h\u00e0o l\u00e0 m\u1ed9t trong nh\u1eefng \u0111\u01a1n v\u1ecb cung c\u1ea5p d\u1ecbch v\u1ee5 b\u1ea3o v\u1ec7 chuy\u00ean nghi\u1ec7p h\u00e0ng \u0111\u1ea7u t\u1ea1i Vi\u1ec7t Nam.\",\"breadcrumb\":{\"@id\":\"https:\\\/\\\/sekin.vn\\\/tu-van\\\/#breadcrumb\"},\"inLanguage\":\"en-US\",\"potentialAction\":[{\"@type\":\"ReadAction\",\"target\":[\"https:\\\/\\\/sekin.vn\\\/tu-van\\\/\"]}]},{\"@type\":\"ImageObject\",\"inLanguage\":\"en-US\",\"@id\":\"https:\\\/\\\/sekin.vn\\\/tu-van\\\/#primaryimage\",\"url\":\"https:\\\/\\\/sekin.vn\\\/wp-content\\\/uploads\\\/2022\\\/08\\\/banner.png\",\"contentUrl\":\"https:\\\/\\\/sekin.vn\\\/wp-content\\\/uploads\\\/2022\\\/08\\\/banner.png\",\"width\":1920,\"height\":1248,\"caption\":\"banner Sekin\"},{\"@type\":\"BreadcrumbList\",\"@id\":\"https:\\\/\\\/sekin.vn\\\/tu-van\\\/#breadcrumb\",\"itemListElement\":[{\"@type\":\"ListItem\",\"position\":1,\"name\":\"Trang Ch\u1ee7\",\"item\":\"https:\\\/\\\/sekin.vn\\\/\"},{\"@type\":\"ListItem\",\"position\":2,\"name\":\"Y\u00eau C\u1ea7u T\u01b0 V\u1ea5n\"}]},{\"@type\":\"WebSite\",\"@id\":\"https:\\\/\\\/sekin.vn\\\/#website\",\"url\":\"https:\\\/\\\/sekin.vn\\\/\",\"name\":\"SEKIN SECURITY\",\"description\":\"Tr\u00e1ch Nhi\u1ec7m - \u0110o\u00e0n K\u1ebft - T\u1eadn T\u00e2m\",\"publisher\":{\"@id\":\"https:\\\/\\\/sekin.vn\\\/#organization\"},\"alternateName\":\"C\u00f4ng Ty B\u1ea3o V\u1ec7 SEKIN\",\"potentialAction\":[{\"@type\":\"SearchAction\",\"target\":{\"@type\":\"EntryPoint\",\"urlTemplate\":\"https:\\\/\\\/sekin.vn\\\/?s={search_term_string}\"},\"query-input\":{\"@type\":\"PropertyValueSpecification\",\"valueRequired\":true,\"valueName\":\"search_term_string\"}}],\"inLanguage\":\"en-US\"},{\"@type\":\"Organization\",\"@id\":\"https:\\\/\\\/sekin.vn\\\/#organization\",\"name\":\"C\u00d4NG TY CP D\u1ecaCH V\u1ee4 B\u1ea2O V\u1ec6 SEKIN\",\"alternateName\":\"SEKIN SECURITY\",\"url\":\"https:\\\/\\\/sekin.vn\\\/\",\"logo\":{\"@type\":\"ImageObject\",\"inLanguage\":\"en-US\",\"@id\":\"https:\\\/\\\/sekin.vn\\\/#\\\/schema\\\/logo\\\/image\\\/\",\"url\":\"https:\\\/\\\/sekin.vn\\\/wp-content\\\/uploads\\\/2022\\\/08\\\/cropped-Sekin-Logo-shield.png\",\"contentUrl\":\"https:\\\/\\\/sekin.vn\\\/wp-content\\\/uploads\\\/2022\\\/08\\\/cropped-Sekin-Logo-shield.png\",\"width\":512,\"height\":512,\"caption\":\"C\u00d4NG TY CP D\u1ecaCH V\u1ee4 B\u1ea2O V\u1ec6 SEKIN\"},\"image\":{\"@id\":\"https:\\\/\\\/sekin.vn\\\/#\\\/schema\\\/logo\\\/image\\\/\"},\"sameAs\":[\"https:\\\/\\\/www.facebook.com\\\/SEKIN.JSC\",\"https:\\\/\\\/x.com\\\/SecuritySekin\",\"https:\\\/\\\/www.linkedin.com\\\/company\\\/sekin-security\\\/\",\"https:\\\/\\\/www.pinterest.com\\\/sekinvn\\\/\"]}]}<\/script>\n<!-- \/ Yoast SEO plugin. -->","yoast_head_json":{"title":"T\u01b0 V\u1ea5n D\u1ecbch V\u1ee5 B\u1ea3o V\u1ec7 To\u00e0n Di\u1ec7n - SEKIN SECURITY","description":"Y\u00eau C\u1ea7u T\u01b0 V\u1ea5n - SEKIN Security t\u1ef1 h\u00e0o l\u00e0 m\u1ed9t trong nh\u1eefng \u0111\u01a1n v\u1ecb cung c\u1ea5p d\u1ecbch v\u1ee5 b\u1ea3o v\u1ec7 chuy\u00ean nghi\u1ec7p h\u00e0ng \u0111\u1ea7u t\u1ea1i Vi\u1ec7t Nam.","robots":{"index":"index","follow":"follow","max-snippet":"max-snippet:-1","max-image-preview":"max-image-preview:large","max-video-preview":"max-video-preview:-1"},"canonical":"https:\/\/sekin.vn\/en\/tu-van\/","og_locale":"en_US","og_type":"article","og_title":"T\u01b0 V\u1ea5n D\u1ecbch V\u1ee5 B\u1ea3o V\u1ec7 To\u00e0n Di\u1ec7n - SEKIN SECURITY","og_description":"Y\u00eau C\u1ea7u T\u01b0 V\u1ea5n - SEKIN Security t\u1ef1 h\u00e0o l\u00e0 m\u1ed9t trong nh\u1eefng \u0111\u01a1n v\u1ecb cung c\u1ea5p d\u1ecbch v\u1ee5 b\u1ea3o v\u1ec7 chuy\u00ean nghi\u1ec7p h\u00e0ng \u0111\u1ea7u t\u1ea1i Vi\u1ec7t Nam.","og_url":"https:\/\/sekin.vn\/en\/tu-van\/","og_site_name":"SEKIN SECURITY","article_publisher":"https:\/\/www.facebook.com\/SEKIN.JSC","article_modified_time":"2025-05-20T06:08:27+00:00","og_image":[{"width":1920,"height":1248,"url":"https:\/\/sekin.vn\/wp-content\/uploads\/2022\/08\/banner.png","type":"image\/png"}],"twitter_card":"summary_large_image","twitter_site":"@SecuritySekin","twitter_misc":{"Est. reading time":"3 minutes"},"schema":{"@context":"https:\/\/schema.org","@graph":[{"@type":"WebPage","@id":"https:\/\/sekin.vn\/tu-van\/","url":"https:\/\/sekin.vn\/tu-van\/","name":"T\u01b0 V\u1ea5n D\u1ecbch V\u1ee5 B\u1ea3o V\u1ec7 To\u00e0n Di\u1ec7n - SEKIN SECURITY","isPartOf":{"@id":"https:\/\/sekin.vn\/#website"},"primaryImageOfPage":{"@id":"https:\/\/sekin.vn\/tu-van\/#primaryimage"},"image":{"@id":"https:\/\/sekin.vn\/tu-van\/#primaryimage"},"thumbnailUrl":"https:\/\/sekin.vn\/wp-content\/uploads\/2022\/08\/banner.png","datePublished":"2022-08-02T10:19:44+00:00","dateModified":"2025-05-20T06:08:27+00:00","description":"Y\u00eau C\u1ea7u T\u01b0 V\u1ea5n - SEKIN Security t\u1ef1 h\u00e0o l\u00e0 m\u1ed9t trong nh\u1eefng \u0111\u01a1n v\u1ecb cung c\u1ea5p d\u1ecbch v\u1ee5 b\u1ea3o v\u1ec7 chuy\u00ean nghi\u1ec7p h\u00e0ng \u0111\u1ea7u t\u1ea1i Vi\u1ec7t Nam.","breadcrumb":{"@id":"https:\/\/sekin.vn\/tu-van\/#breadcrumb"},"inLanguage":"en-US","potentialAction":[{"@type":"ReadAction","target":["https:\/\/sekin.vn\/tu-van\/"]}]},{"@type":"ImageObject","inLanguage":"en-US","@id":"https:\/\/sekin.vn\/tu-van\/#primaryimage","url":"https:\/\/sekin.vn\/wp-content\/uploads\/2022\/08\/banner.png","contentUrl":"https:\/\/sekin.vn\/wp-content\/uploads\/2022\/08\/banner.png","width":1920,"height":1248,"caption":"banner Sekin"},{"@type":"BreadcrumbList","@id":"https:\/\/sekin.vn\/tu-van\/#breadcrumb","itemListElement":[{"@type":"ListItem","position":1,"name":"Trang Ch\u1ee7","item":"https:\/\/sekin.vn\/"},{"@type":"ListItem","position":2,"name":"Y\u00eau C\u1ea7u T\u01b0 V\u1ea5n"}]},{"@type":"WebSite","@id":"https:\/\/sekin.vn\/#website","url":"https:\/\/sekin.vn\/","name":"SEKIN SECURITY","description":"Responsibility - Unity - Dedication","publisher":{"@id":"https:\/\/sekin.vn\/#organization"},"alternateName":"C\u00f4ng Ty B\u1ea3o V\u1ec7 SEKIN","potentialAction":[{"@type":"SearchAction","target":{"@type":"EntryPoint","urlTemplate":"https:\/\/sekin.vn\/?s={search_term_string}"},"query-input":{"@type":"PropertyValueSpecification","valueRequired":true,"valueName":"search_term_string"}}],"inLanguage":"en-US"},{"@type":"Organization","@id":"https:\/\/sekin.vn\/#organization","name":"C\u00d4NG TY CP D\u1ecaCH V\u1ee4 B\u1ea2O V\u1ec6 SEKIN","alternateName":"SEKIN SECURITY","url":"https:\/\/sekin.vn\/","logo":{"@type":"ImageObject","inLanguage":"en-US","@id":"https:\/\/sekin.vn\/#\/schema\/logo\/image\/","url":"https:\/\/sekin.vn\/wp-content\/uploads\/2022\/08\/cropped-Sekin-Logo-shield.png","contentUrl":"https:\/\/sekin.vn\/wp-content\/uploads\/2022\/08\/cropped-Sekin-Logo-shield.png","width":512,"height":512,"caption":"C\u00d4NG TY CP D\u1ecaCH V\u1ee4 B\u1ea2O V\u1ec6 SEKIN"},"image":{"@id":"https:\/\/sekin.vn\/#\/schema\/logo\/image\/"},"sameAs":["https:\/\/www.facebook.com\/SEKIN.JSC","https:\/\/x.com\/SecuritySekin","https:\/\/www.linkedin.com\/company\/sekin-security\/","https:\/\/www.pinterest.com\/sekinvn\/"]}]}},"_links":{"self":[{"href":"https:\/\/sekin.vn\/en\/wp-json\/wp\/v2\/pages\/25","targetHints":{"allow":["GET"]}}],"collection":[{"href":"https:\/\/sekin.vn\/en\/wp-json\/wp\/v2\/pages"}],"about":[{"href":"https:\/\/sekin.vn\/en\/wp-json\/wp\/v2\/types\/page"}],"author":[{"embeddable":true,"href":"https:\/\/sekin.vn\/en\/wp-json\/wp\/v2\/users\/1"}],"replies":[{"embeddable":true,"href":"https:\/\/sekin.vn\/en\/wp-json\/wp\/v2\/comments?post=25"}],"version-history":[{"count":3,"href":"https:\/\/sekin.vn\/en\/wp-json\/wp\/v2\/pages\/25\/revisions"}],"predecessor-version":[{"id":2324,"href":"https:\/\/sekin.vn\/en\/wp-json\/wp\/v2\/pages\/25\/revisions\/2324"}],"wp:featuredmedia":[{"embeddable":true,"href":"https:\/\/sekin.vn\/en\/wp-json\/wp\/v2\/media\/78"}],"wp:attachment":[{"href":"https:\/\/sekin.vn\/en\/wp-json\/wp\/v2\/media?parent=25"}],"curies":[{"name":"wp","href":"https:\/\/api.w.org\/{rel}","templated":true}]}}