{"id":2792,"date":"2026-03-10T12:32:13","date_gmt":"2026-03-10T05:32:13","guid":{"rendered":"https:\/\/sekin.vn\/?page_id=2792"},"modified":"2026-03-10T14:26:54","modified_gmt":"2026-03-10T07:26:54","slug":"quy-trinh-cung-cap-dich-vu-bao-ve-chuyen-nghiep","status":"publish","type":"page","link":"https:\/\/sekin.vn\/en\/quy-trinh-cung-cap-dich-vu-bao-ve-chuyen-nghiep\/","title":{"rendered":"QUY TR\u00ccNH CUNG C\u1ea4P D\u1ecaCH V\u1ee4 B\u1ea2O V\u1ec6 CHUY\u00caN NGHI\u1ec6P"},"content":{"rendered":"<p>\u0110\u1ec3 \u0111\u1ea3m b\u1ea3o ch\u1ea5t l\u01b0\u1ee3ng d\u1ecbch v\u1ee5 v\u00e0 mang l\u1ea1i s\u1ef1 an t\u00e2m tuy\u1ec7t \u0111\u1ed1i cho kh\u00e1ch h\u00e0ng, ch\u00fang t\u00f4i tri\u1ec3n khai <strong>quy tr\u00ecnh cung c\u1ea5p d\u1ecbch v\u1ee5 b\u1ea3o v\u1ec7 chuy\u00ean nghi\u1ec7p <\/strong>theo ti\u00eau chu\u1ea9n ch\u1eb7t ch\u1ebd. M\u1ed7i b\u01b0\u1edbc \u0111\u1ec1u \u0111\u01b0\u1ee3c th\u1ef1c hi\u1ec7n b\u1edfi \u0111\u1ed9i ng\u0169 chuy\u00ean m\u00f4n gi\u00e0u kinh nghi\u1ec7m nh\u1eb1m x\u00e2y d\u1ef1ng <strong>ph\u01b0\u01a1ng \u00e1n b\u1ea3o v\u1ec7 hi\u1ec7u qu\u1ea3<\/strong> v\u00e0 ph\u00f9 h\u1ee3p v\u1edbi t\u1eebng m\u1ee5c ti\u00eau b\u1ea3o v\u1ec7.<\/p>\n<p><img data-dominant-color=\"e7ddd6\" data-has-transparency=\"false\" style=\"--dominant-color: #e7ddd6;\" decoding=\"async\" class=\"aligncenter size-medium_large wp-image-2799 not-transparent\" src=\"https:\/\/sekin.vn\/wp-content\/uploads\/2026\/03\/sekin-quy-trinh-dich-vu-768x1152.webp\" alt=\"Quy tr\u00ecnh d\u1ecbch v\u1ee5 b\u1ea3o v\u1ec7\" width=\"768\" height=\"1152\" srcset=\"https:\/\/sekin.vn\/wp-content\/uploads\/2026\/03\/sekin-quy-trinh-dich-vu-768x1152.webp 768w, https:\/\/sekin.vn\/wp-content\/uploads\/2026\/03\/sekin-quy-trinh-dich-vu-227x340.webp 227w, https:\/\/sekin.vn\/wp-content\/uploads\/2026\/03\/sekin-quy-trinh-dich-vu-683x1024.webp 683w, https:\/\/sekin.vn\/wp-content\/uploads\/2026\/03\/sekin-quy-trinh-dich-vu.webp 1024w, https:\/\/sekin.vn\/wp-content\/uploads\/2026\/03\/sekin-quy-trinh-dich-vu-8x12.webp 8w, https:\/\/sekin.vn\/wp-content\/uploads\/2026\/03\/sekin-quy-trinh-dich-vu-60x90.webp 60w\" sizes=\"(max-width: 768px) 100vw, 768px\" \/><\/p>\n<h2>1. Ti\u1ebfp nh\u1eadn y\u00eau c\u1ea7u d\u1ecbch v\u1ee5 b\u1ea3o v\u1ec7<\/h2>\n<p><em>Khi kh\u00e1ch h\u00e0ng c\u00f3 nhu c\u1ea7u s\u1eed d\u1ee5ng <a href=\"https:\/\/sekin.vn\/en\/dich-vu-sekin\/\"><strong>d\u1ecbch v\u1ee5 b\u1ea3o v\u1ec7 chuy\u00ean nghi\u1ec7p<\/strong><\/a>, \u0111\u1ed9i ng\u0169 t\u01b0 v\u1ea5n s\u1ebd ti\u1ebfp nh\u1eadn th\u00f4ng tin v\u00e0 trao \u0111\u1ed5i chi ti\u1ebft \u0111\u1ec3 hi\u1ec3u r\u00f5 c\u00e1c y\u00eau c\u1ea7u:<\/em><\/p>\n<ul>\n<li>Lo\u1ea1i h\u00ecnh ho\u1ea1t \u0111\u1ed9ng c\u1ee7a doanh nghi\u1ec7p<\/li>\n<li>Khu v\u1ef1c ho\u1eb7c m\u1ee5c ti\u00eau c\u1ea7n b\u1ea3o v\u1ec7<\/li>\n<li>Th\u1eddi gian c\u1ea7n tri\u1ec3n khai d\u1ecbch v\u1ee5<\/li>\n<li>Y\u00eau c\u1ea7u v\u1ec1 s\u1ed1 l\u01b0\u1ee3ng v\u00e0 ti\u00eau chu\u1ea9n nh\u00e2n vi\u00ean b\u1ea3o v\u1ec7<\/li>\n<li>C\u00e1c y\u00eau c\u1ea7u \u0111\u1eb7c bi\u1ec7t kh\u00e1c li\u00ean quan \u0111\u1ebfn c\u00f4ng t\u00e1c an ninh<\/li>\n<\/ul>\n<p>T\u1eeb nh\u1eefng th\u00f4ng tin ban \u0111\u1ea7u n\u00e0y, ch\u00fang t\u00f4i s\u1ebd t\u01b0 v\u1ea5n gi\u1ea3i ph\u00e1p b\u1ea3o v\u1ec7 ph\u00f9 h\u1ee3p v\u00e0 hi\u1ec7u qu\u1ea3 nh\u1ea5t.<\/p>\n<h2>2. Kh\u1ea3o s\u00e1t th\u1ef1c t\u1ebf m\u1ee5c ti\u00eau b\u1ea3o v\u1ec7<\/h2>\n<p>Sau khi th\u1ed1ng nh\u1ea5t b\u01b0\u1edbc \u0111\u1ea7u v\u1edbi kh\u00e1ch h\u00e0ng, b\u1ed9 ph\u1eadn nghi\u1ec7p v\u1ee5 c\u1ee7a <strong>c\u00f4ng ty b\u1ea3o v\u1ec7<\/strong> s\u1ebd ti\u1ebfn h\u00e0nh kh\u1ea3o s\u00e1t tr\u1ef1c ti\u1ebfp t\u1ea1i m\u1ee5c ti\u00eau c\u1ea7n b\u1ea3o v\u1ec7.<\/p>\n<p><em>M\u1ee5c \u0111\u00edch c\u1ee7a vi\u1ec7c kh\u1ea3o s\u00e1t bao g\u1ed3m:<\/em><\/p>\n<ul>\n<li>\u0110\u00e1nh gi\u00e1 t\u00ecnh h\u00ecnh an ninh khu v\u1ef1c<\/li>\n<li>Ph\u00e2n t\u00edch c\u00e1c nguy c\u01a1 ti\u1ec1m \u1ea9n v\u1ec1 m\u1ea5t an ninh, tr\u1eadt t\u1ef1<\/li>\n<li>X\u00e1c \u0111\u1ecbnh v\u1ecb tr\u00ed b\u1ed1 tr\u00ed nh\u00e2n vi\u00ean b\u1ea3o v\u1ec7<\/li>\n<li>\u0110\u1ec1 xu\u1ea5t c\u00e1c bi\u1ec7n ph\u00e1p ki\u1ec3m so\u00e1t an ninh hi\u1ec7u qu\u1ea3<\/li>\n<\/ul>\n<p>\u0110\u00e2y l\u00e0 b\u01b0\u1edbc quan tr\u1ecdng gi\u00fap x\u00e2y d\u1ef1ng <strong>ph\u01b0\u01a1ng \u00e1n b\u1ea3o v\u1ec7 ph\u00f9 h\u1ee3p v\u1edbi \u0111\u1eb7c th\u00f9 t\u1eebng m\u1ee5c ti\u00eau<\/strong>.<\/p>\n<h2>3. X\u00e2y d\u1ef1ng ph\u01b0\u01a1ng \u00e1n b\u1ea3o v\u1ec7 v\u00e0 b\u00e1o gi\u00e1 d\u1ecbch v\u1ee5<\/h2>\n<p><em>D\u1ef1a tr\u00ean k\u1ebft qu\u1ea3 kh\u1ea3o s\u00e1t, ph\u00f2ng nghi\u1ec7p v\u1ee5 s\u1ebd x\u00e2y d\u1ef1ng <strong>ph\u01b0\u01a1ng \u00e1n b\u1ea3o v\u1ec7 chi ti\u1ebft<\/strong>, bao g\u1ed3m:<\/em><\/p>\n<ul>\n<li>B\u1ed1 tr\u00ed v\u1ecb tr\u00ed ch\u1ed1t b\u1ea3o v\u1ec7<\/li>\n<li>S\u1ed1 l\u01b0\u1ee3ng nh\u00e2n vi\u00ean b\u1ea3o v\u1ec7 c\u1ea7n thi\u1ebft<\/li>\n<li>Ca tr\u1ef1c v\u00e0 quy tr\u00ecnh ki\u1ec3m so\u00e1t an ninh<\/li>\n<li>Nhi\u1ec7m v\u1ee5 c\u1ee5 th\u1ec3 t\u1ea1i t\u1eebng v\u1ecb tr\u00ed<\/li>\n<\/ul>\n<p>\u0110\u1ed3ng th\u1eddi, ch\u00fang t\u00f4i l\u1eadp <a href=\"https:\/\/sekin.vn\/en\/bao-gia-thue-dich-vu-bao-ve-chuyen-nghiep\/\"><strong>b\u1ea3ng b\u00e1o gi\u00e1 d\u1ecbch v\u1ee5 b\u1ea3o v\u1ec7<\/strong><\/a> minh b\u1ea1ch v\u00e0 g\u1eedi kh\u00e1ch h\u00e0ng xem x\u00e9t.<\/p>\n<h2>4. Th\u01b0\u01a1ng th\u1ea3o v\u00e0 k\u00fd k\u1ebft h\u1ee3p \u0111\u1ed3ng d\u1ecbch v\u1ee5 b\u1ea3o v\u1ec7<\/h2>\n<p>Sau khi kh\u00e1ch h\u00e0ng \u0111\u1ed3ng \u00fd v\u1edbi ph\u01b0\u01a1ng \u00e1n v\u00e0 chi ph\u00ed d\u1ecbch v\u1ee5, hai b\u00ean s\u1ebd ti\u1ebfn h\u00e0nh<br \/>\ntrao \u0111\u1ed5i v\u00e0 th\u1ed1ng nh\u1ea5t c\u00e1c \u0111i\u1ec1u kho\u1ea3n trong <strong>h\u1ee3p \u0111\u1ed3ng d\u1ecbch v\u1ee5 b\u1ea3o v\u1ec7<\/strong>.<\/p>\n<p>Khi \u0111\u1ea1t \u0111\u01b0\u1ee3c s\u1ef1 \u0111\u1ed3ng thu\u1eadn, h\u1ee3p \u0111\u1ed3ng s\u1ebd \u0111\u01b0\u1ee3c k\u00fd k\u1ebft ch\u00ednh th\u1ee9c,<br \/>\nl\u00e0m c\u01a1 s\u1edf ph\u00e1p l\u00fd cho vi\u1ec7c tri\u1ec3n khai d\u1ecbch v\u1ee5.<\/p>\n<h2>5. Tuy\u1ec3n ch\u1ecdn v\u00e0 \u0111\u00e0o t\u1ea1o nh\u00e2n vi\u00ean b\u1ea3o v\u1ec7<\/h2>\n<p><em>Tr\u01b0\u1edbc khi tri\u1ec3n khai d\u1ecbch v\u1ee5, c\u00f4ng ty ti\u1ebfn h\u00e0nh:<\/em><\/p>\n<ul>\n<li>Tuy\u1ec3n ch\u1ecdn <strong>nh\u00e2n vi\u00ean b\u1ea3o v\u1ec7 chuy\u00ean nghi\u1ec7p<\/strong> ph\u00f9 h\u1ee3p v\u1edbi \u0111\u1eb7c th\u00f9 m\u1ee5c ti\u00eau<\/li>\n<li>T\u1ed5 ch\u1ee9c \u0111\u00e0o t\u1ea1o nghi\u1ec7p v\u1ee5 v\u00e0 k\u1ef9 n\u0103ng x\u1eed l\u00fd t\u00ecnh hu\u1ed1ng<\/li>\n<li>Hu\u1ea5n luy\u1ec7n quy tr\u00ecnh l\u00e0m vi\u1ec7c t\u1ea1i m\u1ee5c ti\u00eau<\/li>\n<\/ul>\n<p>Danh s\u00e1ch nh\u00e2n s\u1ef1, h\u1ed3 s\u01a1 l\u00fd l\u1ecbch v\u00e0 c\u00e1c ch\u1ee9ng ch\u1ec9 nghi\u1ec7p v\u1ee5 c\u1ee7a nh\u00e2n vi\u00ean b\u1ea3o v\u1ec7<br \/>\ns\u1ebd \u0111\u01b0\u1ee3c cung c\u1ea5p cho kh\u00e1ch h\u00e0ng theo quy \u0111\u1ecbnh.<\/p>\n<h2>6. Tri\u1ec3n khai l\u1ef1c l\u01b0\u1ee3ng b\u1ea3o v\u1ec7 t\u1ea1i m\u1ee5c ti\u00eau<\/h2>\n<p>L\u1ef1c l\u01b0\u1ee3ng b\u1ea3o v\u1ec7 \u0111\u01b0\u1ee3c b\u1ed1 tr\u00ed t\u1ea1i m\u1ee5c ti\u00eau \u0111\u00fang th\u1eddi gian theo h\u1ee3p \u0111\u1ed3ng \u0111\u00e3 k\u00fd k\u1ebft.<\/p>\n<p>To\u00e0n b\u1ed9 ho\u1ea1t \u0111\u1ed9ng b\u1ea3o v\u1ec7 \u0111\u01b0\u1ee3c tri\u1ec3n khai theo <strong>ph\u01b0\u01a1ng \u00e1n b\u1ea3o v\u1ec7 \u0111\u00e3 x\u00e2y d\u1ef1ng<\/strong>, \u0111\u1ea3m b\u1ea3o ki\u1ec3m so\u00e1t an ninh hi\u1ec7u qu\u1ea3 v\u00e0 duy tr\u00ec tr\u1eadt t\u1ef1 t\u1ea1i khu v\u1ef1c \u0111\u01b0\u1ee3c b\u1ea3o v\u1ec7.<\/p>\n<h2>7. Gi\u00e1m s\u00e1t ch\u1ea5t l\u01b0\u1ee3ng d\u1ecbch v\u1ee5 b\u1ea3o v\u1ec7 24\/7<\/h2>\n<p>Trong su\u1ed1t qu\u00e1 tr\u00ecnh cung c\u1ea5p d\u1ecbch v\u1ee5, ch\u00fang t\u00f4i th\u1ef1c hi\u1ec7n <strong>gi\u00e1m s\u00e1t ch\u1ea5t l\u01b0\u1ee3ng d\u1ecbch v\u1ee5 b\u1ea3o v\u1ec7 24\/7<\/strong> th\u00f4ng qua h\u1ec7 th\u1ed1ng qu\u1ea3n l\u00fd v\u00e0 \u0111\u1ed9i ng\u0169 gi\u00e1m s\u00e1t nghi\u1ec7p v\u1ee5.<\/p>\n<p><em>M\u1ecdi \u00fd ki\u1ebfn \u0111\u00f3ng g\u00f3p t\u1eeb kh\u00e1ch h\u00e0ng s\u1ebd \u0111\u01b0\u1ee3c ti\u1ebfp nh\u1eadn v\u00e0 x\u1eed l\u00fd nhanh ch\u00f3ng nh\u1eb1m:<\/em><\/p>\n<ul>\n<li>N\u00e2ng cao ch\u1ea5t l\u01b0\u1ee3ng d\u1ecbch v\u1ee5<\/li>\n<li>\u0110i\u1ec1u ch\u1ec9nh ph\u01b0\u01a1ng \u00e1n b\u1ea3o v\u1ec7 khi c\u1ea7n thi\u1ebft<\/li>\n<li>\u0110\u1ea3m b\u1ea3o s\u1ef1 h\u00e0i l\u00f2ng t\u1ed1i \u0111a cho kh\u00e1ch h\u00e0ng<\/li>\n<\/ul>\n<h3><strong>Cam k\u1ebft c\u1ee7a SEKIN:<\/strong><\/h3>\n<p>Cung c\u1ea5p gi\u1ea3i ph\u00e1p b\u1ea3o v\u1ec7 chuy\u00ean nghi\u1ec7p, \u0111\u00e1ng tin c\u1eady v\u00e0 linh ho\u1ea1t nh\u1eb1m \u0111\u1ea3m b\u1ea3o an to\u00e0n cho con ng\u01b0\u1eddi, t\u00e0i s\u1ea3n v\u00e0 ho\u1ea1t \u0111\u1ed9ng c\u1ee7a kh\u00e1ch h\u00e0ng.<\/p>","protected":false},"excerpt":{"rendered":"<p>\u0110\u1ec3 \u0111\u1ea3m b\u1ea3o ch\u1ea5t l\u01b0\u1ee3ng d\u1ecbch v\u1ee5 v\u00e0 mang l\u1ea1i s\u1ef1 an t\u00e2m tuy\u1ec7t \u0111\u1ed1i cho kh\u00e1ch h\u00e0ng, ch\u00fang t\u00f4i tri\u1ec3n khai quy tr\u00ecnh cung c\u1ea5p d\u1ecbch v\u1ee5 b\u1ea3o v\u1ec7 chuy\u00ean nghi\u1ec7p theo ti\u00eau chu\u1ea9n ch\u1eb7t ch\u1ebd. M\u1ed7i b\u01b0\u1edbc \u0111\u1ec1u [&hellip;]<\/p>\n","protected":false},"author":1,"featured_media":0,"parent":0,"menu_order":0,"comment_status":"closed","ping_status":"closed","template":"","meta":{"site-sidebar-layout":"right-sidebar","site-content-layout":"","ast-site-content-layout":"normal-width-container","site-content-style":"unboxed","site-sidebar-style":"default","ast-global-header-display":"","ast-banner-title-visibility":"","ast-main-header-display":"","ast-hfb-above-header-display":"","ast-hfb-below-header-display":"","ast-hfb-mobile-header-display":"","site-post-title":"","ast-breadcrumbs-content":"","ast-featured-img":"","footer-sml-layout":"","ast-disable-related-posts":"","theme-transparent-header-meta":"default","adv-header-id-meta":"","stick-header-meta":"","header-above-stick-meta":"","header-main-stick-meta":"","header-below-stick-meta":"","astra-migrate-meta-layouts":"set","ast-page-background-enabled":"default","ast-page-background-meta":{"desktop":{"background-color":"var(--ast-global-color-4)","background-image":"","background-repeat":"repeat","background-position":"center center","background-size":"auto","background-attachment":"scroll","background-type":"","background-media":"","overlay-type":"","overlay-color":"","overlay-opacity":"","overlay-gradient":""},"tablet":{"background-color":"","background-image":"","background-repeat":"repeat","background-position":"center center","background-size":"auto","background-attachment":"scroll","background-type":"","background-media":"","overlay-type":"","overlay-color":"","overlay-opacity":"","overlay-gradient":""},"mobile":{"background-color":"","background-image":"","background-repeat":"repeat","background-position":"center center","background-size":"auto","background-attachment":"scroll","background-type":"","background-media":"","overlay-type":"","overlay-color":"","overlay-opacity":"","overlay-gradient":""}},"ast-content-background-meta":{"desktop":{"background-color":"var(--ast-global-color-5)","background-image":"","background-repeat":"repeat","background-position":"center center","background-size":"auto","background-attachment":"scroll","background-type":"","background-media":"","overlay-type":"","overlay-color":"","overlay-opacity":"","overlay-gradient":""},"tablet":{"background-color":"var(--ast-global-color-5)","background-image":"","background-repeat":"repeat","background-position":"center center","background-size":"auto","background-attachment":"scroll","background-type":"","background-media":"","overlay-type":"","overlay-color":"","overlay-opacity":"","overlay-gradient":""},"mobile":{"background-color":"var(--ast-global-color-5)","background-image":"","background-repeat":"repeat","background-position":"center center","background-size":"auto","background-attachment":"scroll","background-type":"","background-media":"","overlay-type":"","overlay-color":"","overlay-opacity":"","overlay-gradient":""}},"ngg_post_thumbnail":0,"footnotes":""},"class_list":["post-2792","page","type-page","status-publish","hentry"],"yoast_head":"<!-- This site is optimized with the Yoast SEO plugin v27.5 - https:\/\/yoast.com\/product\/yoast-seo-wordpress\/ -->\n<title>QUY TR\u00ccNH CUNG C\u1ea4P D\u1ecaCH V\u1ee4 B\u1ea2O V\u1ec6 CHUY\u00caN NGHI\u1ec6P - SEKIN SECURITY<\/title>\n<meta name=\"description\" content=\"QUY TR\u00ccNH CUNG C\u1ea4P D\u1ecaCH V\u1ee4 B\u1ea2O V\u1ec6 CHUY\u00caN NGHI\u1ec6P - SEKIN Security t\u1ef1 h\u00e0o l\u00e0 m\u1ed9t trong nh\u1eefng \u0111\u01a1n v\u1ecb cung c\u1ea5p d\u1ecbch v\u1ee5 b\u1ea3o v\u1ec7 chuy\u00ean nghi\u1ec7p h\u00e0ng \u0111\u1ea7u t\u1ea1i Vi\u1ec7t Nam.\" \/>\n<meta name=\"robots\" content=\"index, follow, max-snippet:-1, max-image-preview:large, max-video-preview:-1\" \/>\n<link rel=\"canonical\" href=\"https:\/\/sekin.vn\/en\/quy-trinh-cung-cap-dich-vu-bao-ve-chuyen-nghiep\/\" \/>\n<meta property=\"og:locale\" content=\"en_US\" \/>\n<meta property=\"og:type\" content=\"article\" \/>\n<meta property=\"og:title\" content=\"QUY TR\u00ccNH CUNG C\u1ea4P D\u1ecaCH V\u1ee4 B\u1ea2O V\u1ec6 CHUY\u00caN NGHI\u1ec6P - SEKIN SECURITY\" \/>\n<meta property=\"og:description\" content=\"QUY TR\u00ccNH CUNG C\u1ea4P D\u1ecaCH V\u1ee4 B\u1ea2O V\u1ec6 CHUY\u00caN NGHI\u1ec6P - SEKIN Security t\u1ef1 h\u00e0o l\u00e0 m\u1ed9t trong nh\u1eefng \u0111\u01a1n v\u1ecb cung c\u1ea5p d\u1ecbch v\u1ee5 b\u1ea3o v\u1ec7 chuy\u00ean nghi\u1ec7p h\u00e0ng \u0111\u1ea7u t\u1ea1i Vi\u1ec7t Nam.\" \/>\n<meta property=\"og:url\" content=\"https:\/\/sekin.vn\/en\/quy-trinh-cung-cap-dich-vu-bao-ve-chuyen-nghiep\/\" \/>\n<meta property=\"og:site_name\" content=\"SEKIN SECURITY\" \/>\n<meta property=\"article:publisher\" content=\"https:\/\/www.facebook.com\/SEKIN.JSC\" \/>\n<meta property=\"article:modified_time\" content=\"2026-03-10T07:26:54+00:00\" \/>\n<meta property=\"og:image\" content=\"https:\/\/sekin.vn\/wp-content\/uploads\/2026\/03\/sekin-quy-trinh-dich-vu.webp\" \/>\n\t<meta property=\"og:image:width\" content=\"1024\" \/>\n\t<meta property=\"og:image:height\" content=\"1536\" \/>\n\t<meta property=\"og:image:type\" content=\"image\/png\" \/>\n<meta name=\"twitter:card\" content=\"summary_large_image\" \/>\n<meta name=\"twitter:site\" content=\"@SecuritySekin\" \/>\n<meta name=\"twitter:label1\" content=\"Est. reading time\" \/>\n\t<meta name=\"twitter:data1\" content=\"4 minutes\" \/>\n<script type=\"application\/ld+json\" class=\"yoast-schema-graph\">{\"@context\":\"https:\\\/\\\/schema.org\",\"@graph\":[{\"@type\":\"WebPage\",\"@id\":\"https:\\\/\\\/sekin.vn\\\/quy-trinh-cung-cap-dich-vu-bao-ve-chuyen-nghiep\\\/\",\"url\":\"https:\\\/\\\/sekin.vn\\\/quy-trinh-cung-cap-dich-vu-bao-ve-chuyen-nghiep\\\/\",\"name\":\"QUY TR\u00ccNH CUNG C\u1ea4P D\u1ecaCH V\u1ee4 B\u1ea2O V\u1ec6 CHUY\u00caN NGHI\u1ec6P - SEKIN SECURITY\",\"isPartOf\":{\"@id\":\"https:\\\/\\\/sekin.vn\\\/#website\"},\"primaryImageOfPage\":{\"@id\":\"https:\\\/\\\/sekin.vn\\\/quy-trinh-cung-cap-dich-vu-bao-ve-chuyen-nghiep\\\/#primaryimage\"},\"image\":{\"@id\":\"https:\\\/\\\/sekin.vn\\\/quy-trinh-cung-cap-dich-vu-bao-ve-chuyen-nghiep\\\/#primaryimage\"},\"thumbnailUrl\":\"https:\\\/\\\/sekin.vn\\\/wp-content\\\/uploads\\\/2026\\\/03\\\/sekin-quy-trinh-dich-vu-768x1152.webp\",\"datePublished\":\"2026-03-10T05:32:13+00:00\",\"dateModified\":\"2026-03-10T07:26:54+00:00\",\"description\":\"QUY TR\u00ccNH CUNG C\u1ea4P D\u1ecaCH V\u1ee4 B\u1ea2O V\u1ec6 CHUY\u00caN NGHI\u1ec6P - SEKIN Security t\u1ef1 h\u00e0o l\u00e0 m\u1ed9t trong nh\u1eefng \u0111\u01a1n v\u1ecb cung c\u1ea5p d\u1ecbch v\u1ee5 b\u1ea3o v\u1ec7 chuy\u00ean nghi\u1ec7p h\u00e0ng \u0111\u1ea7u t\u1ea1i Vi\u1ec7t Nam.\",\"breadcrumb\":{\"@id\":\"https:\\\/\\\/sekin.vn\\\/quy-trinh-cung-cap-dich-vu-bao-ve-chuyen-nghiep\\\/#breadcrumb\"},\"inLanguage\":\"en-US\",\"potentialAction\":[{\"@type\":\"ReadAction\",\"target\":[\"https:\\\/\\\/sekin.vn\\\/quy-trinh-cung-cap-dich-vu-bao-ve-chuyen-nghiep\\\/\"]}]},{\"@type\":\"ImageObject\",\"inLanguage\":\"en-US\",\"@id\":\"https:\\\/\\\/sekin.vn\\\/quy-trinh-cung-cap-dich-vu-bao-ve-chuyen-nghiep\\\/#primaryimage\",\"url\":\"https:\\\/\\\/sekin.vn\\\/wp-content\\\/uploads\\\/2026\\\/03\\\/sekin-quy-trinh-dich-vu-768x1152.webp\",\"contentUrl\":\"https:\\\/\\\/sekin.vn\\\/wp-content\\\/uploads\\\/2026\\\/03\\\/sekin-quy-trinh-dich-vu-768x1152.webp\"},{\"@type\":\"BreadcrumbList\",\"@id\":\"https:\\\/\\\/sekin.vn\\\/quy-trinh-cung-cap-dich-vu-bao-ve-chuyen-nghiep\\\/#breadcrumb\",\"itemListElement\":[{\"@type\":\"ListItem\",\"position\":1,\"name\":\"Trang Ch\u1ee7\",\"item\":\"https:\\\/\\\/sekin.vn\\\/\"},{\"@type\":\"ListItem\",\"position\":2,\"name\":\"QUY TR\u00ccNH CUNG C\u1ea4P D\u1ecaCH V\u1ee4 B\u1ea2O V\u1ec6 CHUY\u00caN NGHI\u1ec6P\"}]},{\"@type\":\"WebSite\",\"@id\":\"https:\\\/\\\/sekin.vn\\\/#website\",\"url\":\"https:\\\/\\\/sekin.vn\\\/\",\"name\":\"SEKIN SECURITY\",\"description\":\"Tr\u00e1ch Nhi\u1ec7m - \u0110o\u00e0n K\u1ebft - T\u1eadn T\u00e2m\",\"publisher\":{\"@id\":\"https:\\\/\\\/sekin.vn\\\/#organization\"},\"alternateName\":\"C\u00f4ng Ty B\u1ea3o V\u1ec7 SEKIN\",\"potentialAction\":[{\"@type\":\"SearchAction\",\"target\":{\"@type\":\"EntryPoint\",\"urlTemplate\":\"https:\\\/\\\/sekin.vn\\\/?s={search_term_string}\"},\"query-input\":{\"@type\":\"PropertyValueSpecification\",\"valueRequired\":true,\"valueName\":\"search_term_string\"}}],\"inLanguage\":\"en-US\"},{\"@type\":\"Organization\",\"@id\":\"https:\\\/\\\/sekin.vn\\\/#organization\",\"name\":\"C\u00d4NG TY CP D\u1ecaCH V\u1ee4 B\u1ea2O V\u1ec6 SEKIN\",\"alternateName\":\"SEKIN SECURITY\",\"url\":\"https:\\\/\\\/sekin.vn\\\/\",\"logo\":{\"@type\":\"ImageObject\",\"inLanguage\":\"en-US\",\"@id\":\"https:\\\/\\\/sekin.vn\\\/#\\\/schema\\\/logo\\\/image\\\/\",\"url\":\"https:\\\/\\\/sekin.vn\\\/wp-content\\\/uploads\\\/2022\\\/08\\\/cropped-Sekin-Logo-shield.png\",\"contentUrl\":\"https:\\\/\\\/sekin.vn\\\/wp-content\\\/uploads\\\/2022\\\/08\\\/cropped-Sekin-Logo-shield.png\",\"width\":512,\"height\":512,\"caption\":\"C\u00d4NG TY CP D\u1ecaCH V\u1ee4 B\u1ea2O V\u1ec6 SEKIN\"},\"image\":{\"@id\":\"https:\\\/\\\/sekin.vn\\\/#\\\/schema\\\/logo\\\/image\\\/\"},\"sameAs\":[\"https:\\\/\\\/www.facebook.com\\\/SEKIN.JSC\",\"https:\\\/\\\/x.com\\\/SecuritySekin\",\"https:\\\/\\\/www.linkedin.com\\\/company\\\/sekin-security\\\/\",\"https:\\\/\\\/www.pinterest.com\\\/sekinvn\\\/\"]}]}<\/script>\n<!-- \/ Yoast SEO plugin. -->","yoast_head_json":{"title":"QUY TR\u00ccNH CUNG C\u1ea4P D\u1ecaCH V\u1ee4 B\u1ea2O V\u1ec6 CHUY\u00caN NGHI\u1ec6P - SEKIN SECURITY","description":"QUY TR\u00ccNH CUNG C\u1ea4P D\u1ecaCH V\u1ee4 B\u1ea2O V\u1ec6 CHUY\u00caN NGHI\u1ec6P - SEKIN Security t\u1ef1 h\u00e0o l\u00e0 m\u1ed9t trong nh\u1eefng \u0111\u01a1n v\u1ecb cung c\u1ea5p d\u1ecbch v\u1ee5 b\u1ea3o v\u1ec7 chuy\u00ean nghi\u1ec7p h\u00e0ng \u0111\u1ea7u t\u1ea1i Vi\u1ec7t Nam.","robots":{"index":"index","follow":"follow","max-snippet":"max-snippet:-1","max-image-preview":"max-image-preview:large","max-video-preview":"max-video-preview:-1"},"canonical":"https:\/\/sekin.vn\/en\/quy-trinh-cung-cap-dich-vu-bao-ve-chuyen-nghiep\/","og_locale":"en_US","og_type":"article","og_title":"QUY TR\u00ccNH CUNG C\u1ea4P D\u1ecaCH V\u1ee4 B\u1ea2O V\u1ec6 CHUY\u00caN NGHI\u1ec6P - SEKIN SECURITY","og_description":"QUY TR\u00ccNH CUNG C\u1ea4P D\u1ecaCH V\u1ee4 B\u1ea2O V\u1ec6 CHUY\u00caN NGHI\u1ec6P - SEKIN Security t\u1ef1 h\u00e0o l\u00e0 m\u1ed9t trong nh\u1eefng \u0111\u01a1n v\u1ecb cung c\u1ea5p d\u1ecbch v\u1ee5 b\u1ea3o v\u1ec7 chuy\u00ean nghi\u1ec7p h\u00e0ng \u0111\u1ea7u t\u1ea1i Vi\u1ec7t Nam.","og_url":"https:\/\/sekin.vn\/en\/quy-trinh-cung-cap-dich-vu-bao-ve-chuyen-nghiep\/","og_site_name":"SEKIN SECURITY","article_publisher":"https:\/\/www.facebook.com\/SEKIN.JSC","article_modified_time":"2026-03-10T07:26:54+00:00","og_image":[{"width":1024,"height":1536,"url":"https:\/\/sekin.vn\/wp-content\/uploads\/2026\/03\/sekin-quy-trinh-dich-vu.webp","type":"image\/png"}],"twitter_card":"summary_large_image","twitter_site":"@SecuritySekin","twitter_misc":{"Est. reading time":"4 minutes"},"schema":{"@context":"https:\/\/schema.org","@graph":[{"@type":"WebPage","@id":"https:\/\/sekin.vn\/quy-trinh-cung-cap-dich-vu-bao-ve-chuyen-nghiep\/","url":"https:\/\/sekin.vn\/quy-trinh-cung-cap-dich-vu-bao-ve-chuyen-nghiep\/","name":"QUY TR\u00ccNH CUNG C\u1ea4P D\u1ecaCH V\u1ee4 B\u1ea2O V\u1ec6 CHUY\u00caN NGHI\u1ec6P - SEKIN SECURITY","isPartOf":{"@id":"https:\/\/sekin.vn\/#website"},"primaryImageOfPage":{"@id":"https:\/\/sekin.vn\/quy-trinh-cung-cap-dich-vu-bao-ve-chuyen-nghiep\/#primaryimage"},"image":{"@id":"https:\/\/sekin.vn\/quy-trinh-cung-cap-dich-vu-bao-ve-chuyen-nghiep\/#primaryimage"},"thumbnailUrl":"https:\/\/sekin.vn\/wp-content\/uploads\/2026\/03\/sekin-quy-trinh-dich-vu-768x1152.webp","datePublished":"2026-03-10T05:32:13+00:00","dateModified":"2026-03-10T07:26:54+00:00","description":"QUY TR\u00ccNH CUNG C\u1ea4P D\u1ecaCH V\u1ee4 B\u1ea2O V\u1ec6 CHUY\u00caN NGHI\u1ec6P - SEKIN Security t\u1ef1 h\u00e0o l\u00e0 m\u1ed9t trong nh\u1eefng \u0111\u01a1n v\u1ecb cung c\u1ea5p d\u1ecbch v\u1ee5 b\u1ea3o v\u1ec7 chuy\u00ean nghi\u1ec7p h\u00e0ng \u0111\u1ea7u t\u1ea1i Vi\u1ec7t Nam.","breadcrumb":{"@id":"https:\/\/sekin.vn\/quy-trinh-cung-cap-dich-vu-bao-ve-chuyen-nghiep\/#breadcrumb"},"inLanguage":"en-US","potentialAction":[{"@type":"ReadAction","target":["https:\/\/sekin.vn\/quy-trinh-cung-cap-dich-vu-bao-ve-chuyen-nghiep\/"]}]},{"@type":"ImageObject","inLanguage":"en-US","@id":"https:\/\/sekin.vn\/quy-trinh-cung-cap-dich-vu-bao-ve-chuyen-nghiep\/#primaryimage","url":"https:\/\/sekin.vn\/wp-content\/uploads\/2026\/03\/sekin-quy-trinh-dich-vu-768x1152.webp","contentUrl":"https:\/\/sekin.vn\/wp-content\/uploads\/2026\/03\/sekin-quy-trinh-dich-vu-768x1152.webp"},{"@type":"BreadcrumbList","@id":"https:\/\/sekin.vn\/quy-trinh-cung-cap-dich-vu-bao-ve-chuyen-nghiep\/#breadcrumb","itemListElement":[{"@type":"ListItem","position":1,"name":"Trang Ch\u1ee7","item":"https:\/\/sekin.vn\/"},{"@type":"ListItem","position":2,"name":"QUY TR\u00ccNH CUNG C\u1ea4P D\u1ecaCH V\u1ee4 B\u1ea2O V\u1ec6 CHUY\u00caN NGHI\u1ec6P"}]},{"@type":"WebSite","@id":"https:\/\/sekin.vn\/#website","url":"https:\/\/sekin.vn\/","name":"SEKIN SECURITY","description":"Responsibility - Unity - Dedication","publisher":{"@id":"https:\/\/sekin.vn\/#organization"},"alternateName":"C\u00f4ng Ty B\u1ea3o V\u1ec7 SEKIN","potentialAction":[{"@type":"SearchAction","target":{"@type":"EntryPoint","urlTemplate":"https:\/\/sekin.vn\/?s={search_term_string}"},"query-input":{"@type":"PropertyValueSpecification","valueRequired":true,"valueName":"search_term_string"}}],"inLanguage":"en-US"},{"@type":"Organization","@id":"https:\/\/sekin.vn\/#organization","name":"C\u00d4NG TY CP D\u1ecaCH V\u1ee4 B\u1ea2O V\u1ec6 SEKIN","alternateName":"SEKIN SECURITY","url":"https:\/\/sekin.vn\/","logo":{"@type":"ImageObject","inLanguage":"en-US","@id":"https:\/\/sekin.vn\/#\/schema\/logo\/image\/","url":"https:\/\/sekin.vn\/wp-content\/uploads\/2022\/08\/cropped-Sekin-Logo-shield.png","contentUrl":"https:\/\/sekin.vn\/wp-content\/uploads\/2022\/08\/cropped-Sekin-Logo-shield.png","width":512,"height":512,"caption":"C\u00d4NG TY CP D\u1ecaCH V\u1ee4 B\u1ea2O V\u1ec6 SEKIN"},"image":{"@id":"https:\/\/sekin.vn\/#\/schema\/logo\/image\/"},"sameAs":["https:\/\/www.facebook.com\/SEKIN.JSC","https:\/\/x.com\/SecuritySekin","https:\/\/www.linkedin.com\/company\/sekin-security\/","https:\/\/www.pinterest.com\/sekinvn\/"]}]}},"_links":{"self":[{"href":"https:\/\/sekin.vn\/en\/wp-json\/wp\/v2\/pages\/2792","targetHints":{"allow":["GET"]}}],"collection":[{"href":"https:\/\/sekin.vn\/en\/wp-json\/wp\/v2\/pages"}],"about":[{"href":"https:\/\/sekin.vn\/en\/wp-json\/wp\/v2\/types\/page"}],"author":[{"embeddable":true,"href":"https:\/\/sekin.vn\/en\/wp-json\/wp\/v2\/users\/1"}],"replies":[{"embeddable":true,"href":"https:\/\/sekin.vn\/en\/wp-json\/wp\/v2\/comments?post=2792"}],"version-history":[{"count":5,"href":"https:\/\/sekin.vn\/en\/wp-json\/wp\/v2\/pages\/2792\/revisions"}],"predecessor-version":[{"id":2802,"href":"https:\/\/sekin.vn\/en\/wp-json\/wp\/v2\/pages\/2792\/revisions\/2802"}],"wp:attachment":[{"href":"https:\/\/sekin.vn\/en\/wp-json\/wp\/v2\/media?parent=2792"}],"curies":[{"name":"wp","href":"https:\/\/api.w.org\/{rel}","templated":true}]}}