{"id":2803,"date":"2026-03-11T08:59:09","date_gmt":"2026-03-11T01:59:09","guid":{"rendered":"https:\/\/sekin.vn\/?page_id=2803"},"modified":"2026-03-11T08:59:09","modified_gmt":"2026-03-11T01:59:09","slug":"gia-tri-cot-loi-cua-sekin-security","status":"publish","type":"page","link":"https:\/\/sekin.vn\/en\/gia-tri-cot-loi-cua-sekin-security\/","title":{"rendered":"GI\u00c1 TR\u1eca C\u1ed0T L\u00d5I C\u1ee6A SEKIN SECURITY"},"content":{"rendered":"<p>Trong l\u0129nh v\u1ef1c d\u1ecbch v\u1ee5 b\u1ea3o v\u1ec7 chuy\u00ean nghi\u1ec7p, ch\u1ea5t l\u01b0\u1ee3ng d\u1ecbch v\u1ee5 kh\u00f4ng ch\u1ec9 \u0111\u01b0\u1ee3c quy\u1ebft \u0111\u1ecbnh b\u1edfi nh\u00e2n s\u1ef1 hay trang thi\u1ebft b\u1ecb, m\u00e0 c\u00f2n \u0111\u01b0\u1ee3c h\u00ecnh th\u00e0nh t\u1eeb nh\u1eefng gi\u00e1 tr\u1ecb c\u1ed1t l\u00f5i l\u00e0m n\u1ec1n t\u1ea3ng cho m\u1ecdi ho\u1ea1t \u0111\u1ed9ng c\u1ee7a doanh nghi\u1ec7p.<\/p>\n<p>T\u1ea1i <strong>SEKIN Security<\/strong>, ch\u00fang t\u00f4i x\u00e2y d\u1ef1ng h\u1ec7 th\u1ed1ng gi\u00e1 tr\u1ecb c\u1ed1t l\u00f5i nh\u1eb1m \u0111\u1ecbnh h\u01b0\u1edbng cho to\u00e0n b\u1ed9 \u0111\u1ed9i ng\u0169 c\u00e1n b\u1ed9, nh\u00e2n vi\u00ean trong qu\u00e1 tr\u00ecnh cung c\u1ea5p d\u1ecbch v\u1ee5. Nh\u1eefng gi\u00e1 tr\u1ecb n\u00e0y kh\u00f4ng ch\u1ec9 gi\u00fap SEKIN duy tr\u00ec ti\u00eau chu\u1ea9n ngh\u1ec1 nghi\u1ec7p cao m\u00e0 c\u00f2n t\u1ea1o n\u00ean s\u1ef1 tin t\u01b0\u1edfng v\u00e0 h\u00e0i l\u00f2ng t\u1eeb ph\u00eda kh\u00e1ch h\u00e0ng.<\/p>\n<p>C\u00e1c gi\u00e1 tr\u1ecb c\u1ed1t l\u00f5i c\u1ee7a SEKIN l\u00e0 kim ch\u1ec9 nam cho m\u1ecdi ho\u1ea1t \u0111\u1ed9ng v\u1eadn h\u00e0nh, qu\u1ea3n l\u00fd v\u00e0 ph\u00e1t tri\u1ec3n d\u1ecbch v\u1ee5.<\/p>\n<h2>1. AN TO\u00c0N<\/h2>\n<p>An to\u00e0n l\u00e0 m\u1ee5c ti\u00eau cao nh\u1ea5t c\u1ee7a d\u1ecbch v\u1ee5 b\u1ea3o v\u1ec7. SEKIN lu\u00f4n \u0111\u1eb7t vi\u1ec7c \u0111\u1ea3m b\u1ea3o <strong>an to\u00e0n v\u1ec1 con ng\u01b0\u1eddi, t\u00e0i s\u1ea3n v\u00e0 ho\u1ea1t \u0111\u1ed9ng c\u1ee7a kh\u00e1ch h\u00e0ng<\/strong> l\u00ean h\u00e0ng \u0111\u1ea7u.<\/p>\n<p>M\u1ed7i m\u1ee5c ti\u00eau b\u1ea3o v\u1ec7 \u0111\u1ec1u \u0111\u01b0\u1ee3c kh\u1ea3o s\u00e1t k\u1ef9 l\u01b0\u1ee1ng nh\u1eb1m \u0111\u00e1nh gi\u00e1 c\u00e1c nguy c\u01a1 ti\u1ec1m \u1ea9n v\u00e0 x\u00e2y d\u1ef1ng ph\u01b0\u01a1ng \u00e1n b\u1ea3o v\u1ec7 ph\u00f9 h\u1ee3p. Nh\u00e2n vi\u00ean b\u1ea3o v\u1ec7 \u0111\u01b0\u1ee3c \u0111\u00e0o t\u1ea1o \u0111\u1ec3 c\u00f3 th\u1ec3 nh\u1eadn di\u1ec7n r\u1ee7i ro, ph\u00f2ng ng\u1eeba s\u1ef1 c\u1ed1 v\u00e0 x\u1eed l\u00fd t\u00ecnh hu\u1ed1ng k\u1ecbp th\u1eddi.<\/p>\n<p>Vi\u1ec7c duy tr\u00ec m\u00f4i tr\u01b0\u1eddng an ninh \u1ed5n \u0111\u1ecbnh gi\u00fap kh\u00e1ch h\u00e0ng y\u00ean t\u00e2m t\u1eadp trung v\u00e0o ho\u1ea1t \u0111\u1ed9ng kinh doanh v\u00e0 ph\u00e1t tri\u1ec3n.<\/p>\n<h2>2. CHUY\u00caN NGHI\u1ec6P<\/h2>\n<p>SEKIN cam k\u1ebft cung c\u1ea5p d\u1ecbch v\u1ee5 b\u1ea3o v\u1ec7 v\u1edbi ti\u00eau chu\u1ea9n chuy\u00ean nghi\u1ec7p cao.<\/p>\n<p>T\u00ednh chuy\u00ean nghi\u1ec7p \u0111\u01b0\u1ee3c th\u1ec3 hi\u1ec7n trong t\u1eebng kh\u00e2u c\u1ee7a qu\u00e1 tr\u00ecnh cung c\u1ea5p d\u1ecbch v\u1ee5, t\u1eeb kh\u1ea3o s\u00e1t m\u1ee5c ti\u00eau, x\u00e2y d\u1ef1ng ph\u01b0\u01a1ng \u00e1n b\u1ea3o v\u1ec7, tuy\u1ec3n ch\u1ecdn v\u00e0 \u0111\u00e0o t\u1ea1o nh\u00e2n vi\u00ean cho \u0111\u1ebfn vi\u1ec7c tri\u1ec3n khai v\u00e0 gi\u00e1m s\u00e1t th\u1ef1c hi\u1ec7n.<\/p>\n<ul>\n<li>T\u00e1c phong nghi\u00eam t\u00fac<\/li>\n<li>Trang ph\u1ee5c ch\u1ec9nh t\u1ec1<\/li>\n<li>Th\u00e1i \u0111\u1ed9 l\u1ecbch s\u1ef1<\/li>\n<li>Th\u1ef1c hi\u1ec7n nhi\u1ec7m v\u1ee5 \u0111\u00fang quy tr\u00ecnh<\/li>\n<\/ul>\n<p>S\u1ef1 chuy\u00ean nghi\u1ec7p kh\u00f4ng ch\u1ec9 n\u00e2ng cao hi\u1ec7u qu\u1ea3 b\u1ea3o v\u1ec7 m\u00e0 c\u00f2n g\u00f3p ph\u1ea7n x\u00e2y d\u1ef1ng h\u00ecnh \u1ea3nh uy t\u00edn cho kh\u00e1ch h\u00e0ng t\u1ea1i m\u1ee5c ti\u00eau.<\/p>\n<h2>3. TR\u00c1CH NHI\u1ec6M<\/h2>\n<p>Tinh th\u1ea7n tr\u00e1ch nhi\u1ec7m l\u00e0 y\u1ebfu t\u1ed1 quan tr\u1ecdng trong ng\u00e0nh d\u1ecbch v\u1ee5 b\u1ea3o v\u1ec7. M\u1ed7i nh\u00e2n vi\u00ean c\u1ee7a SEKIN lu\u00f4n \u00fd th\u1ee9c r\u00f5 vai tr\u00f2 v\u00e0 nhi\u1ec7m v\u1ee5 c\u1ee7a m\u00ecnh trong vi\u1ec7c \u0111\u1ea3m b\u1ea3o an ninh t\u1ea1i m\u1ee5c ti\u00eau.<\/p>\n<p>M\u1ecdi c\u00f4ng vi\u1ec7c \u0111\u1ec1u \u0111\u01b0\u1ee3c th\u1ef1c hi\u1ec7n v\u1edbi tinh th\u1ea7n tr\u00e1ch nhi\u1ec7m cao, t\u1eeb vi\u1ec7c ki\u1ec3m so\u00e1t ra v\u00e0o, tu\u1ea7n tra an ninh cho \u0111\u1ebfn vi\u1ec7c x\u1eed l\u00fd c\u00e1c t\u00ecnh hu\u1ed1ng ph\u00e1t sinh.<\/p>\n<h2>4. TRUNG TH\u1ef0C<\/h2>\n<p>Trung th\u1ef1c l\u00e0 n\u1ec1n t\u1ea3ng \u0111\u1ec3 x\u00e2y d\u1ef1ng ni\u1ec1m tin v\u1edbi kh\u00e1ch h\u00e0ng. SEKIN lu\u00f4n \u0111\u1ec1 cao t\u00ednh minh b\u1ea1ch trong m\u1ecdi ho\u1ea1t \u0111\u1ed9ng.<\/p>\n<p>M\u1ecdi th\u00f4ng tin li\u00ean quan \u0111\u1ebfn c\u00f4ng vi\u1ec7c t\u1ea1i m\u1ee5c ti\u00eau b\u1ea3o v\u1ec7 \u0111\u1ec1u \u0111\u01b0\u1ee3c ghi nh\u1eadn v\u00e0 b\u00e1o c\u00e1o \u0111\u1ea7y \u0111\u1ee7 theo quy tr\u00ecnh.<\/p>\n<p>\u0110\u1ed9i ng\u0169 nh\u00e2n vi\u00ean b\u1ea3o v\u1ec7 \u0111\u01b0\u1ee3c y\u00eau c\u1ea7u duy tr\u00ec th\u00e1i \u0111\u1ed9 l\u00e0m vi\u1ec7c trung th\u1ef1c, th\u1eb3ng th\u1eafn v\u00e0 c\u00f3 tr\u00e1ch nhi\u1ec7m trong m\u1ecdi t\u00ecnh hu\u1ed1ng.<\/p>\n<h2>5. K\u1ef6 LU\u1eacT<\/h2>\n<p>K\u1ef7 lu\u1eadt l\u00e0 y\u1ebfu t\u1ed1 kh\u00f4ng th\u1ec3 thi\u1ebfu trong m\u00f4i tr\u01b0\u1eddng l\u00e0m vi\u1ec7c c\u1ee7a ng\u00e0nh b\u1ea3o v\u1ec7. SEKIN x\u00e2y d\u1ef1ng h\u1ec7 th\u1ed1ng qu\u1ea3n l\u00fd v\u00e0 v\u1eadn h\u00e0nh d\u1ef1a tr\u00ean nguy\u00ean t\u1eafc k\u1ef7 lu\u1eadt nghi\u00eam t\u00fac.<\/p>\n<p>M\u1ed7i nh\u00e2n vi\u00ean \u0111\u1ec1u ph\u1ea3i tu\u00e2n th\u1ee7 c\u00e1c quy \u0111\u1ecbnh v\u1ec1 nghi\u1ec7p v\u1ee5, n\u1ed9i quy c\u00f4ng ty c\u0169ng nh\u01b0 quy \u0111\u1ecbnh t\u1ea1i m\u1ee5c ti\u00eau b\u1ea3o v\u1ec7.<\/p>\n<h2>6. H\u1ee2P T\u00c1C<\/h2>\n<p>SEKIN lu\u00f4n coi tr\u1ecdng s\u1ef1 h\u1ee3p t\u00e1c ch\u1eb7t ch\u1ebd gi\u1eefa c\u00f4ng ty, kh\u00e1ch h\u00e0ng v\u00e0 \u0111\u1ed9i ng\u0169 nh\u00e2n vi\u00ean b\u1ea3o v\u1ec7.<\/p>\n<p>S\u1ef1 ph\u1ed1i h\u1ee3p hi\u1ec7u qu\u1ea3 gi\u1eefa c\u00e1c b\u00ean gi\u00fap qu\u00e1 tr\u00ecnh tri\u1ec3n khai d\u1ecbch v\u1ee5 di\u1ec5n ra thu\u1eadn l\u1ee3i, \u0111\u1ed3ng th\u1eddi n\u00e2ng cao kh\u1ea3 n\u0103ng x\u1eed l\u00fd c\u00e1c t\u00ecnh hu\u1ed1ng ph\u00e1t sinh t\u1ea1i m\u1ee5c ti\u00eau.<\/p>\n<p>SEKIN lu\u00f4n l\u1eafng nghe \u00fd ki\u1ebfn t\u1eeb kh\u00e1ch h\u00e0ng v\u00e0 s\u1eb5n s\u00e0ng \u0111i\u1ec1u ch\u1ec9nh ph\u01b0\u01a1ng \u00e1n b\u1ea3o v\u1ec7 \u0111\u1ec3 ph\u00f9 h\u1ee3p v\u1edbi nhu c\u1ea7u th\u1ef1c t\u1ebf.<\/p>\n<h2>7. PH\u00c1T TRI\u1ec2N B\u1ec0N V\u1eeeNG<\/h2>\n<p>SEKIN \u0111\u1ecbnh h\u01b0\u1edbng ph\u00e1t tri\u1ec3n l\u00e2u d\u00e0i d\u1ef1a tr\u00ean n\u1ec1n t\u1ea3ng ch\u1ea5t l\u01b0\u1ee3ng d\u1ecbch v\u1ee5 v\u00e0 uy t\u00edn doanh nghi\u1ec7p.<\/p>\n<p>Ch\u00fang t\u00f4i kh\u00f4ng ng\u1eebng n\u00e2ng cao n\u0103ng l\u1ef1c \u0111\u1ed9i ng\u0169 nh\u00e2n s\u1ef1, c\u1ea3i ti\u1ebfn quy tr\u00ecnh qu\u1ea3n l\u00fd v\u00e0 \u1ee9ng d\u1ee5ng c\u00e1c gi\u1ea3i ph\u00e1p c\u00f4ng ngh\u1ec7 nh\u1eb1m n\u00e2ng cao hi\u1ec7u qu\u1ea3 b\u1ea3o v\u1ec7.<\/p>\n<p>M\u1ee5c ti\u00eau c\u1ee7a SEKIN l\u00e0 tr\u1edf th\u00e0nh <strong>\u0111\u1ed1i t\u00e1c an ninh \u0111\u00e1ng tin c\u1eady<\/strong>, \u0111\u1ed3ng h\u00e0nh c\u00f9ng s\u1ef1 ph\u00e1t tri\u1ec3n b\u1ec1n v\u1eefng c\u1ee7a kh\u00e1ch h\u00e0ng v\u00e0 c\u1ed9ng \u0111\u1ed3ng.<\/p>\n<p style=\"margin-top: 30px; font-weight: bold;\">SEKIN Security \u2013 Uy t\u00edn t\u1ea1o n\u00ean gi\u00e1 tr\u1ecb, chuy\u00ean nghi\u1ec7p t\u1ea1o n\u00ean kh\u00e1c bi\u1ec7t.<\/p>","protected":false},"excerpt":{"rendered":"<p>Trong l\u0129nh v\u1ef1c d\u1ecbch v\u1ee5 b\u1ea3o v\u1ec7 chuy\u00ean nghi\u1ec7p, ch\u1ea5t l\u01b0\u1ee3ng d\u1ecbch v\u1ee5 kh\u00f4ng ch\u1ec9 \u0111\u01b0\u1ee3c quy\u1ebft \u0111\u1ecbnh b\u1edfi nh\u00e2n s\u1ef1 hay trang thi\u1ebft b\u1ecb, m\u00e0 c\u00f2n \u0111\u01b0\u1ee3c h\u00ecnh th\u00e0nh t\u1eeb nh\u1eefng gi\u00e1 tr\u1ecb c\u1ed1t l\u00f5i l\u00e0m n\u1ec1n t\u1ea3ng cho [&hellip;]<\/p>\n","protected":false},"author":1,"featured_media":0,"parent":0,"menu_order":0,"comment_status":"closed","ping_status":"closed","template":"","meta":{"site-sidebar-layout":"right-sidebar","site-content-layout":"","ast-site-content-layout":"normal-width-container","site-content-style":"unboxed","site-sidebar-style":"default","ast-global-header-display":"","ast-banner-title-visibility":"","ast-main-header-display":"","ast-hfb-above-header-display":"","ast-hfb-below-header-display":"","ast-hfb-mobile-header-display":"","site-post-title":"","ast-breadcrumbs-content":"","ast-featured-img":"","footer-sml-layout":"","ast-disable-related-posts":"","theme-transparent-header-meta":"default","adv-header-id-meta":"","stick-header-meta":"","header-above-stick-meta":"","header-main-stick-meta":"","header-below-stick-meta":"","astra-migrate-meta-layouts":"set","ast-page-background-enabled":"default","ast-page-background-meta":{"desktop":{"background-color":"var(--ast-global-color-4)","background-image":"","background-repeat":"repeat","background-position":"center center","background-size":"auto","background-attachment":"scroll","background-type":"","background-media":"","overlay-type":"","overlay-color":"","overlay-opacity":"","overlay-gradient":""},"tablet":{"background-color":"","background-image":"","background-repeat":"repeat","background-position":"center center","background-size":"auto","background-attachment":"scroll","background-type":"","background-media":"","overlay-type":"","overlay-color":"","overlay-opacity":"","overlay-gradient":""},"mobile":{"background-color":"","background-image":"","background-repeat":"repeat","background-position":"center center","background-size":"auto","background-attachment":"scroll","background-type":"","background-media":"","overlay-type":"","overlay-color":"","overlay-opacity":"","overlay-gradient":""}},"ast-content-background-meta":{"desktop":{"background-color":"var(--ast-global-color-5)","background-image":"","background-repeat":"repeat","background-position":"center center","background-size":"auto","background-attachment":"scroll","background-type":"","background-media":"","overlay-type":"","overlay-color":"","overlay-opacity":"","overlay-gradient":""},"tablet":{"background-color":"var(--ast-global-color-5)","background-image":"","background-repeat":"repeat","background-position":"center center","background-size":"auto","background-attachment":"scroll","background-type":"","background-media":"","overlay-type":"","overlay-color":"","overlay-opacity":"","overlay-gradient":""},"mobile":{"background-color":"var(--ast-global-color-5)","background-image":"","background-repeat":"repeat","background-position":"center center","background-size":"auto","background-attachment":"scroll","background-type":"","background-media":"","overlay-type":"","overlay-color":"","overlay-opacity":"","overlay-gradient":""}},"ngg_post_thumbnail":0,"footnotes":""},"class_list":["post-2803","page","type-page","status-publish","hentry"],"yoast_head":"<!-- This site is optimized with the Yoast SEO plugin v27.4 - https:\/\/yoast.com\/product\/yoast-seo-wordpress\/ -->\n<title>GI\u00c1 TR\u1eca C\u1ed0T L\u00d5I C\u1ee6A SEKIN SECURITY - SEKIN SECURITY<\/title>\n<meta name=\"description\" content=\"GI\u00c1 TR\u1eca C\u1ed0T L\u00d5I C\u1ee6A SEKIN SECURITY - SEKIN Security t\u1ef1 h\u00e0o l\u00e0 m\u1ed9t trong nh\u1eefng \u0111\u01a1n v\u1ecb cung c\u1ea5p d\u1ecbch v\u1ee5 b\u1ea3o v\u1ec7 chuy\u00ean nghi\u1ec7p h\u00e0ng \u0111\u1ea7u t\u1ea1i Vi\u1ec7t Nam.\" \/>\n<meta name=\"robots\" content=\"index, follow, max-snippet:-1, max-image-preview:large, max-video-preview:-1\" \/>\n<link rel=\"canonical\" href=\"https:\/\/sekin.vn\/en\/gia-tri-cot-loi-cua-sekin-security\/\" \/>\n<meta property=\"og:locale\" content=\"en_US\" \/>\n<meta property=\"og:type\" content=\"article\" \/>\n<meta property=\"og:title\" content=\"GI\u00c1 TR\u1eca C\u1ed0T L\u00d5I C\u1ee6A SEKIN SECURITY - SEKIN SECURITY\" \/>\n<meta property=\"og:description\" content=\"GI\u00c1 TR\u1eca C\u1ed0T L\u00d5I C\u1ee6A SEKIN SECURITY - SEKIN Security t\u1ef1 h\u00e0o l\u00e0 m\u1ed9t trong nh\u1eefng \u0111\u01a1n v\u1ecb cung c\u1ea5p d\u1ecbch v\u1ee5 b\u1ea3o v\u1ec7 chuy\u00ean nghi\u1ec7p h\u00e0ng \u0111\u1ea7u t\u1ea1i Vi\u1ec7t Nam.\" \/>\n<meta property=\"og:url\" content=\"https:\/\/sekin.vn\/en\/gia-tri-cot-loi-cua-sekin-security\/\" \/>\n<meta property=\"og:site_name\" content=\"SEKIN SECURITY\" \/>\n<meta property=\"article:publisher\" content=\"https:\/\/www.facebook.com\/SEKIN.JSC\" \/>\n<meta property=\"og:image\" content=\"https:\/\/sekin.vn\/wp-content\/uploads\/2022\/08\/cropped-Sekin-Logo-shield.png\" \/>\n\t<meta property=\"og:image:width\" content=\"512\" \/>\n\t<meta property=\"og:image:height\" content=\"512\" \/>\n\t<meta property=\"og:image:type\" content=\"image\/png\" \/>\n<meta name=\"twitter:card\" content=\"summary_large_image\" \/>\n<meta name=\"twitter:site\" content=\"@SecuritySekin\" \/>\n<meta name=\"twitter:label1\" content=\"Est. reading time\" \/>\n\t<meta name=\"twitter:data1\" content=\"4 minutes\" \/>\n<script type=\"application\/ld+json\" class=\"yoast-schema-graph\">{\"@context\":\"https:\\\/\\\/schema.org\",\"@graph\":[{\"@type\":\"WebPage\",\"@id\":\"https:\\\/\\\/sekin.vn\\\/gia-tri-cot-loi-cua-sekin-security\\\/\",\"url\":\"https:\\\/\\\/sekin.vn\\\/gia-tri-cot-loi-cua-sekin-security\\\/\",\"name\":\"GI\u00c1 TR\u1eca C\u1ed0T L\u00d5I C\u1ee6A SEKIN SECURITY - SEKIN SECURITY\",\"isPartOf\":{\"@id\":\"https:\\\/\\\/sekin.vn\\\/#website\"},\"datePublished\":\"2026-03-11T01:59:09+00:00\",\"description\":\"GI\u00c1 TR\u1eca C\u1ed0T L\u00d5I C\u1ee6A SEKIN SECURITY - SEKIN Security t\u1ef1 h\u00e0o l\u00e0 m\u1ed9t trong nh\u1eefng \u0111\u01a1n v\u1ecb cung c\u1ea5p d\u1ecbch v\u1ee5 b\u1ea3o v\u1ec7 chuy\u00ean nghi\u1ec7p h\u00e0ng \u0111\u1ea7u t\u1ea1i Vi\u1ec7t Nam.\",\"breadcrumb\":{\"@id\":\"https:\\\/\\\/sekin.vn\\\/gia-tri-cot-loi-cua-sekin-security\\\/#breadcrumb\"},\"inLanguage\":\"en-US\",\"potentialAction\":[{\"@type\":\"ReadAction\",\"target\":[\"https:\\\/\\\/sekin.vn\\\/gia-tri-cot-loi-cua-sekin-security\\\/\"]}]},{\"@type\":\"BreadcrumbList\",\"@id\":\"https:\\\/\\\/sekin.vn\\\/gia-tri-cot-loi-cua-sekin-security\\\/#breadcrumb\",\"itemListElement\":[{\"@type\":\"ListItem\",\"position\":1,\"name\":\"Trang Ch\u1ee7\",\"item\":\"https:\\\/\\\/sekin.vn\\\/\"},{\"@type\":\"ListItem\",\"position\":2,\"name\":\"GI\u00c1 TR\u1eca C\u1ed0T L\u00d5I C\u1ee6A SEKIN SECURITY\"}]},{\"@type\":\"WebSite\",\"@id\":\"https:\\\/\\\/sekin.vn\\\/#website\",\"url\":\"https:\\\/\\\/sekin.vn\\\/\",\"name\":\"SEKIN SECURITY\",\"description\":\"Tr\u00e1ch Nhi\u1ec7m - \u0110o\u00e0n K\u1ebft - T\u1eadn T\u00e2m\",\"publisher\":{\"@id\":\"https:\\\/\\\/sekin.vn\\\/#organization\"},\"alternateName\":\"C\u00f4ng Ty B\u1ea3o V\u1ec7 SEKIN\",\"potentialAction\":[{\"@type\":\"SearchAction\",\"target\":{\"@type\":\"EntryPoint\",\"urlTemplate\":\"https:\\\/\\\/sekin.vn\\\/?s={search_term_string}\"},\"query-input\":{\"@type\":\"PropertyValueSpecification\",\"valueRequired\":true,\"valueName\":\"search_term_string\"}}],\"inLanguage\":\"en-US\"},{\"@type\":\"Organization\",\"@id\":\"https:\\\/\\\/sekin.vn\\\/#organization\",\"name\":\"C\u00d4NG TY CP D\u1ecaCH V\u1ee4 B\u1ea2O V\u1ec6 SEKIN\",\"alternateName\":\"SEKIN SECURITY\",\"url\":\"https:\\\/\\\/sekin.vn\\\/\",\"logo\":{\"@type\":\"ImageObject\",\"inLanguage\":\"en-US\",\"@id\":\"https:\\\/\\\/sekin.vn\\\/#\\\/schema\\\/logo\\\/image\\\/\",\"url\":\"https:\\\/\\\/sekin.vn\\\/wp-content\\\/uploads\\\/2022\\\/08\\\/cropped-Sekin-Logo-shield.png\",\"contentUrl\":\"https:\\\/\\\/sekin.vn\\\/wp-content\\\/uploads\\\/2022\\\/08\\\/cropped-Sekin-Logo-shield.png\",\"width\":512,\"height\":512,\"caption\":\"C\u00d4NG TY CP D\u1ecaCH V\u1ee4 B\u1ea2O V\u1ec6 SEKIN\"},\"image\":{\"@id\":\"https:\\\/\\\/sekin.vn\\\/#\\\/schema\\\/logo\\\/image\\\/\"},\"sameAs\":[\"https:\\\/\\\/www.facebook.com\\\/SEKIN.JSC\",\"https:\\\/\\\/x.com\\\/SecuritySekin\",\"https:\\\/\\\/www.linkedin.com\\\/company\\\/sekin-security\\\/\",\"https:\\\/\\\/www.pinterest.com\\\/sekinvn\\\/\"]}]}<\/script>\n<!-- \/ Yoast SEO plugin. -->","yoast_head_json":{"title":"GI\u00c1 TR\u1eca C\u1ed0T L\u00d5I C\u1ee6A SEKIN SECURITY - SEKIN SECURITY","description":"GI\u00c1 TR\u1eca C\u1ed0T L\u00d5I C\u1ee6A SEKIN SECURITY - SEKIN Security t\u1ef1 h\u00e0o l\u00e0 m\u1ed9t trong nh\u1eefng \u0111\u01a1n v\u1ecb cung c\u1ea5p d\u1ecbch v\u1ee5 b\u1ea3o v\u1ec7 chuy\u00ean nghi\u1ec7p h\u00e0ng \u0111\u1ea7u t\u1ea1i Vi\u1ec7t Nam.","robots":{"index":"index","follow":"follow","max-snippet":"max-snippet:-1","max-image-preview":"max-image-preview:large","max-video-preview":"max-video-preview:-1"},"canonical":"https:\/\/sekin.vn\/en\/gia-tri-cot-loi-cua-sekin-security\/","og_locale":"en_US","og_type":"article","og_title":"GI\u00c1 TR\u1eca C\u1ed0T L\u00d5I C\u1ee6A SEKIN SECURITY - SEKIN SECURITY","og_description":"GI\u00c1 TR\u1eca C\u1ed0T L\u00d5I C\u1ee6A SEKIN SECURITY - SEKIN Security t\u1ef1 h\u00e0o l\u00e0 m\u1ed9t trong nh\u1eefng \u0111\u01a1n v\u1ecb cung c\u1ea5p d\u1ecbch v\u1ee5 b\u1ea3o v\u1ec7 chuy\u00ean nghi\u1ec7p h\u00e0ng \u0111\u1ea7u t\u1ea1i Vi\u1ec7t Nam.","og_url":"https:\/\/sekin.vn\/en\/gia-tri-cot-loi-cua-sekin-security\/","og_site_name":"SEKIN SECURITY","article_publisher":"https:\/\/www.facebook.com\/SEKIN.JSC","og_image":[{"width":512,"height":512,"url":"https:\/\/sekin.vn\/wp-content\/uploads\/2022\/08\/cropped-Sekin-Logo-shield.png","type":"image\/png"}],"twitter_card":"summary_large_image","twitter_site":"@SecuritySekin","twitter_misc":{"Est. reading time":"4 minutes"},"schema":{"@context":"https:\/\/schema.org","@graph":[{"@type":"WebPage","@id":"https:\/\/sekin.vn\/gia-tri-cot-loi-cua-sekin-security\/","url":"https:\/\/sekin.vn\/gia-tri-cot-loi-cua-sekin-security\/","name":"GI\u00c1 TR\u1eca C\u1ed0T L\u00d5I C\u1ee6A SEKIN SECURITY - SEKIN SECURITY","isPartOf":{"@id":"https:\/\/sekin.vn\/#website"},"datePublished":"2026-03-11T01:59:09+00:00","description":"GI\u00c1 TR\u1eca C\u1ed0T L\u00d5I C\u1ee6A SEKIN SECURITY - SEKIN Security t\u1ef1 h\u00e0o l\u00e0 m\u1ed9t trong nh\u1eefng \u0111\u01a1n v\u1ecb cung c\u1ea5p d\u1ecbch v\u1ee5 b\u1ea3o v\u1ec7 chuy\u00ean nghi\u1ec7p h\u00e0ng \u0111\u1ea7u t\u1ea1i Vi\u1ec7t Nam.","breadcrumb":{"@id":"https:\/\/sekin.vn\/gia-tri-cot-loi-cua-sekin-security\/#breadcrumb"},"inLanguage":"en-US","potentialAction":[{"@type":"ReadAction","target":["https:\/\/sekin.vn\/gia-tri-cot-loi-cua-sekin-security\/"]}]},{"@type":"BreadcrumbList","@id":"https:\/\/sekin.vn\/gia-tri-cot-loi-cua-sekin-security\/#breadcrumb","itemListElement":[{"@type":"ListItem","position":1,"name":"Trang Ch\u1ee7","item":"https:\/\/sekin.vn\/"},{"@type":"ListItem","position":2,"name":"GI\u00c1 TR\u1eca C\u1ed0T L\u00d5I C\u1ee6A SEKIN SECURITY"}]},{"@type":"WebSite","@id":"https:\/\/sekin.vn\/#website","url":"https:\/\/sekin.vn\/","name":"SEKIN SECURITY","description":"Responsibility - Unity - Dedication","publisher":{"@id":"https:\/\/sekin.vn\/#organization"},"alternateName":"C\u00f4ng Ty B\u1ea3o V\u1ec7 SEKIN","potentialAction":[{"@type":"SearchAction","target":{"@type":"EntryPoint","urlTemplate":"https:\/\/sekin.vn\/?s={search_term_string}"},"query-input":{"@type":"PropertyValueSpecification","valueRequired":true,"valueName":"search_term_string"}}],"inLanguage":"en-US"},{"@type":"Organization","@id":"https:\/\/sekin.vn\/#organization","name":"C\u00d4NG TY CP D\u1ecaCH V\u1ee4 B\u1ea2O V\u1ec6 SEKIN","alternateName":"SEKIN SECURITY","url":"https:\/\/sekin.vn\/","logo":{"@type":"ImageObject","inLanguage":"en-US","@id":"https:\/\/sekin.vn\/#\/schema\/logo\/image\/","url":"https:\/\/sekin.vn\/wp-content\/uploads\/2022\/08\/cropped-Sekin-Logo-shield.png","contentUrl":"https:\/\/sekin.vn\/wp-content\/uploads\/2022\/08\/cropped-Sekin-Logo-shield.png","width":512,"height":512,"caption":"C\u00d4NG TY CP D\u1ecaCH V\u1ee4 B\u1ea2O V\u1ec6 SEKIN"},"image":{"@id":"https:\/\/sekin.vn\/#\/schema\/logo\/image\/"},"sameAs":["https:\/\/www.facebook.com\/SEKIN.JSC","https:\/\/x.com\/SecuritySekin","https:\/\/www.linkedin.com\/company\/sekin-security\/","https:\/\/www.pinterest.com\/sekinvn\/"]}]}},"_links":{"self":[{"href":"https:\/\/sekin.vn\/en\/wp-json\/wp\/v2\/pages\/2803","targetHints":{"allow":["GET"]}}],"collection":[{"href":"https:\/\/sekin.vn\/en\/wp-json\/wp\/v2\/pages"}],"about":[{"href":"https:\/\/sekin.vn\/en\/wp-json\/wp\/v2\/types\/page"}],"author":[{"embeddable":true,"href":"https:\/\/sekin.vn\/en\/wp-json\/wp\/v2\/users\/1"}],"replies":[{"embeddable":true,"href":"https:\/\/sekin.vn\/en\/wp-json\/wp\/v2\/comments?post=2803"}],"version-history":[{"count":1,"href":"https:\/\/sekin.vn\/en\/wp-json\/wp\/v2\/pages\/2803\/revisions"}],"predecessor-version":[{"id":2804,"href":"https:\/\/sekin.vn\/en\/wp-json\/wp\/v2\/pages\/2803\/revisions\/2804"}],"wp:attachment":[{"href":"https:\/\/sekin.vn\/en\/wp-json\/wp\/v2\/media?parent=2803"}],"curies":[{"name":"wp","href":"https:\/\/api.w.org\/{rel}","templated":true}]}}